{"id":10,"date":"2017-02-06T21:05:56","date_gmt":"2017-02-06T19:05:56","guid":{"rendered":"http:\/\/kalamatasolives.com\/de\/?page_id=10"},"modified":"2019-05-14T14:13:47","modified_gmt":"2019-05-14T11:13:47","slug":"oliven","status":"publish","type":"page","link":"https:\/\/kalamatasolives.com\/de\/produkte\/oliven\/","title":{"rendered":"Oliven"},"content":{"rendered":"<div id=\"pl-10\"  class=\"panel-layout\" ><div id=\"pg-10-0\"  class=\"panel-grid panel-has-style\" ><div class=\"panel-row-style panel-row-style-for-10-0\" ><div id=\"pgc-10-0-0\"  class=\"panel-grid-cell\" ><div id=\"panel-10-0-0-0\" class=\"so-panel widget widget_sow-editor panel-first-child panel-last-child\" data-index=\"0\" ><div class=\"so-widget-sow-editor so-widget-sow-editor-base\">\n<div class=\"siteorigin-widget-tinymce textwidget\">\n\t<p><span class=\"keyw_p\">Essbare Tafeloliven, Kalamon, Gr\u00fcne gebrochene, Pflaumenolive, Organische, Exporte, Verkauf<\/span><\/p>\n<h2 style=\"text-align: center;\">Essbare Tafeloliven<\/h2>\n<p><img loading=\"lazy\" class=\"aligncenter size-full wp-image-131\" src=\"http:\/\/kalamatasolives.com\/de\/wp-content\/uploads\/sites\/6\/2017\/03\/line_decorative_500x38.png\" alt=\"\" width=\"500\" height=\"38\" srcset=\"https:\/\/kalamatasolives.com\/de\/wp-content\/uploads\/sites\/6\/2017\/03\/line_decorative_500x38.png 500w, https:\/\/kalamatasolives.com\/de\/wp-content\/uploads\/sites\/6\/2017\/03\/line_decorative_500x38-300x23.png 300w\" sizes=\"(max-width: 500px) 100vw, 500px\" \/><\/p>\n<\/div>\n<\/div><\/div><\/div><\/div><\/div><div id=\"pg-10-1\"  class=\"panel-grid panel-has-style\" ><div class=\"panel-row-style panel-row-style-for-10-1\" ><div id=\"pgc-10-1-0\"  class=\"panel-grid-cell\" ><div id=\"panel-10-1-0-0\" class=\"so-panel widget widget_sow-editor panel-first-child panel-last-child\" data-index=\"1\" ><div class=\"so-widget-sow-editor so-widget-sow-editor-base\">\n<div class=\"siteorigin-widget-tinymce textwidget\">\n\t<div id=\"cf\"><p><img loading=\"lazy\" class=\"bottom img_custom_shadow_2 aligncenter wp-image-140 size-full\" src=\"http:\/\/kalamatasolives.com\/de\/wp-content\/uploads\/sites\/6\/2017\/03\/product_redirect_2_225x300.jpg\" alt=\"Logo Webseite zu Oliven genannt\" width=\"225\" height=\"300\" \/><a href=\"http:\/\/kalamatasolives.com\/de\/produkte\/kalamon-oliven\/\" target=\"_blank\"><img loading=\"lazy\" class=\"top img_custom_shadow_2 aligncenter wp-image-101 size-full\" src=\"http:\/\/kalamatasolives.com\/de\/wp-content\/uploads\/sites\/6\/2017\/03\/kalamon-demo.jpg\" alt=\"\" width=\"225\" height=\"300\" \/><\/a><\/p><p>\u00a0<\/p><\/div><\/div>\n<\/div><\/div><\/div><div id=\"pgc-10-1-1\"  class=\"panel-grid-cell\" ><div id=\"panel-10-1-1-0\" class=\"so-panel widget widget_sow-editor panel-first-child panel-last-child\" data-index=\"2\" ><div class=\"panel-widget-style panel-widget-style-for-10-1-1-0\" ><div class=\"so-widget-sow-editor so-widget-sow-editor-base\">\n<div class=\"siteorigin-widget-tinymce textwidget\">\n\t<h3 class=\"prod_form\" style=\"text-align: left;\"><a href=\"http:\/\/kalamatasolives.com\/de\/produkte\/kalamon-oliven\/\" target=\"_blank\" rel=\"noopener noreferrer\">Kalamon - Oliven <\/a><\/h3>\n<p class=\"prod_form\" style=\"text-align: left;\">(ganze - Scheiben - H\u00e4lfte - entkernte Oliven)<\/p>\n<p class=\"prod_form\" style=\"text-align: left;\"><strong>Glas, Metall, Plastik Dosen, Plastikf\u00e4sserr<\/strong><\/p>\n<\/div>\n<\/div><\/div><\/div><\/div><\/div><\/div><div id=\"pg-10-2\"  class=\"panel-grid panel-has-style\" ><div class=\"panel-row-style panel-row-style-for-10-2\" ><div id=\"pgc-10-2-0\"  class=\"panel-grid-cell\" ><div id=\"panel-10-2-0-0\" class=\"so-panel widget widget_sow-editor panel-first-child panel-last-child\" data-index=\"3\" ><div class=\"panel-widget-style panel-widget-style-for-10-2-0-0\" ><div class=\"so-widget-sow-editor so-widget-sow-editor-base\">\n<div class=\"siteorigin-widget-tinymce textwidget\">\n\t<hr \/><\/div>\n<\/div><\/div><\/div><\/div><\/div><\/div><div id=\"pg-10-3\"  class=\"panel-grid panel-has-style\" ><div class=\"panel-row-style panel-row-style-for-10-3\" ><div id=\"pgc-10-3-0\"  class=\"panel-grid-cell\" ><div id=\"panel-10-3-0-0\" class=\"so-panel widget widget_sow-editor panel-first-child panel-last-child\" data-index=\"4\" ><div class=\"panel-widget-style panel-widget-style-for-10-3-0-0\" ><div class=\"so-widget-sow-editor so-widget-sow-editor-base\">\n<div class=\"siteorigin-widget-tinymce textwidget\">\n\t<h3 style=\"text-align: right;\"><a href=\"http:\/\/kalamatasolives.com\/de\/produkte\/gebrochene-grune-oliven\/\" target=\"_blank\" rel=\"noopener noreferrer\">Gebrochene gr\u00fcne Oliven<\/a><\/h3><p style=\"text-align: right;\">(ganze Oliven)<\/p><p style=\"text-align: right;\"><strong>Glas, Metall, Plastik Dosen, Plastikf\u00e4sser<\/strong><\/p><\/div>\n<\/div><\/div><\/div><\/div><div id=\"pgc-10-3-1\"  class=\"panel-grid-cell\" ><div id=\"panel-10-3-1-0\" class=\"so-panel widget widget_sow-editor panel-first-child panel-last-child\" data-index=\"5\" ><div class=\"so-widget-sow-editor so-widget-sow-editor-base\">\n<div class=\"siteorigin-widget-tinymce textwidget\">\n\t<div id=\"cf\"><img loading=\"lazy\" class=\"bottom img_custom_shadow_2 aligncenter wp-image-140 size-full\" src=\"http:\/\/kalamatasolives.com\/de\/wp-content\/uploads\/sites\/6\/2017\/03\/product_redirect_2_225x300.jpg\" alt=\"Logo Webseite zu Oliven genannt\" width=\"225\" height=\"300\" \/><a href=\"http:\/\/kalamatasolives.com\/de\/produkte\/gebrochene-grune-oliven\/\" target=\"_blank\" rel=\"noopener\"><img loading=\"lazy\" class=\"top img_custom_shadow_2 aligncenter wp-image-508 size-full\" src=\"http:\/\/kalamatasolives.com\/el\/wp-content\/uploads\/sites\/2\/2016\/12\/prasini_spasti_demo.jpg\" alt=\"\" width=\"225\" height=\"300\" \/><\/a><\/div>\n<\/div>\n<\/div><\/div><\/div><\/div><\/div><div id=\"pg-10-4\"  class=\"panel-grid panel-has-style\" ><div class=\"panel-row-style panel-row-style-for-10-4\" ><div id=\"pgc-10-4-0\"  class=\"panel-grid-cell\" ><div id=\"panel-10-4-0-0\" class=\"so-panel widget widget_sow-editor panel-first-child panel-last-child\" data-index=\"6\" ><div class=\"panel-widget-style panel-widget-style-for-10-4-0-0\" ><div class=\"so-widget-sow-editor so-widget-sow-editor-base\">\n<div class=\"siteorigin-widget-tinymce textwidget\">\n\t<hr \/><\/div>\n<\/div><\/div><\/div><\/div><\/div><\/div><div id=\"pg-10-5\"  class=\"panel-grid panel-has-style\" ><div class=\"panel-row-style panel-row-style-for-10-5\" ><div id=\"pgc-10-5-0\"  class=\"panel-grid-cell\" ><div id=\"panel-10-5-0-0\" class=\"so-panel widget widget_sow-editor panel-first-child panel-last-child\" data-index=\"7\" ><div class=\"panel-widget-style panel-widget-style-for-10-5-0-0\" ><div class=\"so-widget-sow-editor so-widget-sow-editor-base\">\n<div class=\"siteorigin-widget-tinymce textwidget\">\n\t<div id=\"cf\"><img loading=\"lazy\" class=\"bottom img_custom_shadow_2 aligncenter wp-image-140 size-full\" src=\"http:\/\/kalamatasolives.com\/de\/wp-content\/uploads\/sites\/6\/2017\/03\/product_redirect_2_225x300.jpg\" alt=\"Logo Webseite zu Oliven genannt\" width=\"225\" height=\"300\" \/><a href=\"https:\/\/kalamatasolives.com\/de\/produkte\/oliven\/olivenpaste\/\" target=\"_blank\" rel=\"noopener\"><img loading=\"lazy\" class=\"top img_custom_shadow_2 aligncenter wp-image-359 size-full\" src=\"http:\/\/kalamatasolives.com\/de\/wp-content\/uploads\/sites\/6\/2018\/12\/Olive_paste_300x225.png\" alt=\"Olive Paste from Spartan Treasure\" width=\"225\" height=\"300\" \/><\/a><\/div><\/div>\n<\/div><\/div><\/div><\/div><div id=\"pgc-10-5-1\"  class=\"panel-grid-cell\" ><div id=\"panel-10-5-1-0\" class=\"so-panel widget widget_sow-editor panel-first-child panel-last-child\" data-index=\"8\" ><div class=\"panel-widget-style panel-widget-style-for-10-5-1-0\" ><div class=\"so-widget-sow-editor so-widget-sow-editor-base\">\n<div class=\"siteorigin-widget-tinymce textwidget\">\n\t<h3 style=\"text-align: left;\"><a href=\"http:\/\/kalamatasolives.com\/de\/produkte\/oliven\/olivenpaste\/\" target=\"_blank\" rel=\"noopener noreferrer\">Kalamon Olivenpaste<\/a><\/h3>\n<p style=\"text-align: left;\">(Olivenpaste)<\/p>\n<p style=\"text-align: left;\"><strong>Glas, Plastik Dosen<\/strong><\/p>\n<\/div>\n<\/div><\/div><\/div><\/div><\/div><\/div><div id=\"pg-10-6\"  class=\"panel-grid panel-has-style\" ><div class=\"panel-row-style panel-row-style-for-10-6\" ><div id=\"pgc-10-6-0\"  class=\"panel-grid-cell\" ><div id=\"panel-10-6-0-0\" class=\"so-panel widget widget_sow-editor panel-first-child panel-last-child\" data-index=\"9\" ><div class=\"panel-widget-style panel-widget-style-for-10-6-0-0\" ><div class=\"so-widget-sow-editor so-widget-sow-editor-base\">\n<div class=\"siteorigin-widget-tinymce textwidget\">\n\t<hr \/><\/div>\n<\/div><\/div><\/div><\/div><\/div><\/div><div id=\"pg-10-7\"  class=\"panel-grid panel-has-style\" ><div class=\"panel-row-style panel-row-style-for-10-7\" ><div id=\"pgc-10-7-0\"  class=\"panel-grid-cell\" ><div id=\"panel-10-7-0-0\" class=\"so-panel widget widget_sow-editor panel-first-child panel-last-child\" data-index=\"10\" ><div class=\"panel-widget-style panel-widget-style-for-10-7-0-0\" ><div class=\"so-widget-sow-editor so-widget-sow-editor-base\">\n<div class=\"siteorigin-widget-tinymce textwidget\">\n\t<h3 style=\"text-align: right;\"><a href=\"http:\/\/kalamatasolives.com\/de\/produkte\/oliven\/organische-kalamon-oliven\/\" target=\"_blank\" rel=\"noopener noreferrer\">Organische Kalamon - Oliven<\/a><\/h3>\n<p style=\"text-align: right;\">(ganze - Scheiben - H\u00e4lfte - entkernte Oliven)<\/p>\n<p style=\"text-align: right;\"><strong>Glas, Metall, Plastik Dosen, Plastikf\u00e4sserr<\/strong><\/p>\n<\/div>\n<\/div><\/div><\/div><\/div><div id=\"pgc-10-7-1\"  class=\"panel-grid-cell\" ><div id=\"panel-10-7-1-0\" class=\"so-panel widget widget_sow-editor panel-first-child panel-last-child\" data-index=\"11\" ><div class=\"panel-widget-style panel-widget-style-for-10-7-1-0\" ><div class=\"so-widget-sow-editor so-widget-sow-editor-base\">\n<div class=\"siteorigin-widget-tinymce textwidget\">\n\t<div id=\"cf\">\n<p><img loading=\"lazy\" class=\"bottom img_custom_shadow_2 aligncenter wp-image-543 size-full\" src=\"http:\/\/kalamatasolives.com\/el\/wp-content\/uploads\/sites\/2\/2016\/12\/product_redirect_2_225x300.jpg\" alt=\"\u039b\u03bf\u03b3\u03cc\u03c4\u03c5\u03c0\u03bf \u0399\u03c3\u03c4\u03cc\u03c4\u03bf\u03c0\u03bf\u03c5 \u0394\u03b9\u03b1\u03b4\u03b9\u03ba\u03c4\u03c5\u03b1\u03ba\u03bf\u03cd \u03a4\u03cc\u03c0\u03bf\u03c5 \u03c0\u03bf\u03c5 \u03b1\u03bd\u03b1\u03c6\u03ad\u03c1\u03b5\u03c4\u03b1\u03b9 \u03c3\u03b5 \u0395\u03bb\u03b9\u03ad\u03c2 \u039a\u03b1\u03bb\u03b1\u03bc\u03ce\u03bd\" width=\"225\" height=\"300\" \/><a href=\"https:\/\/kalamatasolives.com\/de\/produkte\/oliven\/organische-kalamon-oliven\/\" target=\"_blank\" rel=\"noopener\"><img loading=\"lazy\" class=\"top img_custom_shadow_2 aligncenter wp-image-387 size-full\" src=\"http:\/\/kalamatasolives.com\/de\/wp-content\/uploads\/sites\/6\/2019\/03\/OrganicKalamataOlives_225x300.jpg\" alt=\"Organic Kalamon Olives from Spartan Treasure\" width=\"225\" height=\"300\" \/><\/a><\/p>\n<\/div>\n<\/div>\n<\/div><\/div><\/div><\/div><\/div><\/div><div id=\"pg-10-8\"  class=\"panel-grid panel-has-style\" ><div class=\"panel-row-style panel-row-style-for-10-8\" ><div id=\"pgc-10-8-0\"  class=\"panel-grid-cell\" ><div id=\"panel-10-8-0-0\" class=\"so-panel widget widget_sow-editor panel-first-child panel-last-child\" data-index=\"12\" ><div class=\"so-widget-sow-editor so-widget-sow-editor-base\">\n<div class=\"siteorigin-widget-tinymce textwidget\">\n\t<hr \/>\n<h4 style=\"text-align: center;\">Die Sorten der griechischen Tafeloliven<\/h4>\n<p style=\"text-align: justify;\">Die Frucht des Olivenbaums, abgesehen davon, dass sie f\u00fcr die Herstellung von Oliven\u00f6l angeboten wird, ist auch eine wertvolle essbare Frucht, die wir in 4 verschiedenen Sorten anbieten (<a href=\"http:\/\/kalamatasolives.com\/de\/produkte\/oliven\/kalamon-oliven\/\" target=\"_blank\" rel=\"noopener\">Kalamon \u2013 Oliven<\/a>, <a href=\"http:\/\/kalamatasolives.com\/de\/produkte\/oliven\/gebrochene-grune-oliven\/\" target=\"_blank\" rel=\"noopener\">Gr\u00fcne gebrochene<\/a>, <a href=\"http:\/\/kalamatasolives.com\/de\/produkte\/oliven\/olivenpaste\/\" target=\"_blank\" rel=\"noopener\">Kalamon Olivenpaste<\/a>, <a href=\"http:\/\/kalamatasolives.com\/de\/produkte\/oliven\/organische-kalamon-oliven\/\" target=\"_blank\" rel=\"noopener\">Organische Kalamon \u2013 Olive<\/a>).<\/p>\n<p style=\"text-align: justify;\">Die Tafeloliven sind ein wichtiges unverzichtbares f\u00fcr die menschliche Ern\u00e4hrung Naturprodukt, das von einem unbestreitbaren biologischen und ern\u00e4hrungsphysiologischen Wert ist. Aus diesem Grund sollten die Oliven ein integraler Bestandteil der Di\u00e4t sein. Die positiven Eigenschaften von Oliven\u00f6l und von essbaren Oliven f\u00fcr die Gesundheit sind auf dem Weltmarkt bekannt.<\/p>\n<\/div>\n<\/div><\/div><\/div><\/div><\/div><\/div>","protected":false},"excerpt":{"rendered":"<p>Essbare Tafeloliven, Kalamon, Gr\u00fcne gebrochene, Pflaumenolive, Organische, Exporte, VerkaufEssbare Tafeloliven \u00a0 Kalamon &#8211; Oliven (ganze &#8211; Scheiben &#8211; H\u00e4lfte &#8211; entkernte Oliven)Glas, Metall, Plastik Dosen, Plastikf\u00e4sserr<\/p>\n","protected":false},"author":1,"featured_media":0,"parent":228,"menu_order":0,"comment_status":"closed","ping_status":"open","template":"","meta":{"om_disable_all_campaigns":false,"_mi_skip_tracking":false},"aioseo_notices":[],"_links":{"self":[{"href":"https:\/\/kalamatasolives.com\/de\/wp-json\/wp\/v2\/pages\/10"}],"collection":[{"href":"https:\/\/kalamatasolives.com\/de\/wp-json\/wp\/v2\/pages"}],"about":[{"href":"https:\/\/kalamatasolives.com\/de\/wp-json\/wp\/v2\/types\/page"}],"author":[{"embeddable":true,"href":"https:\/\/kalamatasolives.com\/de\/wp-json\/wp\/v2\/users\/1"}],"replies":[{"embeddable":true,"href":"https:\/\/kalamatasolives.com\/de\/wp-json\/wp\/v2\/comments?post=10"}],"version-history":[{"count":62,"href":"https:\/\/kalamatasolives.com\/de\/wp-json\/wp\/v2\/pages\/10\/revisions"}],"predecessor-version":[{"id":405,"href":"https:\/\/kalamatasolives.com\/de\/wp-json\/wp\/v2\/pages\/10\/revisions\/405"}],"up":[{"embeddable":true,"href":"https:\/\/kalamatasolives.com\/de\/wp-json\/wp\/v2\/pages\/228"}],"wp:attachment":[{"href":"https:\/\/kalamatasolives.com\/de\/wp-json\/wp\/v2\/media?parent=10"}],"curies":[{"name":"wp","href":"https:\/\/api.w.org\/{rel}","templated":true}]}}