{"id":16,"date":"2017-02-06T21:10:34","date_gmt":"2017-02-06T19:10:34","guid":{"rendered":"http:\/\/kalamatasolives.com\/de\/?page_id=16"},"modified":"2017-10-12T17:30:01","modified_gmt":"2017-10-12T14:30:01","slug":"gebrochene-grune-oliven","status":"publish","type":"page","link":"https:\/\/kalamatasolives.com\/de\/produkte\/oliven\/gebrochene-grune-oliven\/","title":{"rendered":"Gebrochene gr\u00fcne Oliven"},"content":{"rendered":"<div id=\"pl-16\"  class=\"panel-layout\" ><div id=\"pg-16-0\"  class=\"panel-grid panel-no-style\" ><div id=\"pgc-16-0-0\"  class=\"panel-grid-cell\" ><div id=\"panel-16-0-0-0\" class=\"so-panel widget widget_sow-editor panel-first-child panel-last-child\" data-index=\"0\" ><div class=\"panel-widget-style panel-widget-style-for-16-0-0-0\" ><div class=\"so-widget-sow-editor so-widget-sow-editor-base\">\n<div class=\"siteorigin-widget-tinymce textwidget\">\n\t<p><span class=\"keyw_p\">Gr\u00fcne gebrochene Oliven , Essbare Tafeloliven, Exporte, Verkauf, Produkte, Herstellung, Kalamon \u2013 Oliven <\/span><\/p>\n<h2 style=\"text-align: center;\">Gebrochene gr\u00fcne Oliven Produkte<\/h2>\n<p><img loading=\"lazy\" class=\"aligncenter size-full wp-image-100\" src=\"http:\/\/kalamatasolives.com\/el\/wp-content\/uploads\/sites\/2\/2016\/11\/line_decorative_500x38.png\" alt=\"\u0394\u03b9\u03b1\u03ba\u03bf\u03c3\u03bc\u03b7\u03c4\u03b9\u03ba\u03ae \u0393\u03c1\u03b1\u03bc\u03bc\u03ae \u03a0\u03b5\u03c1\u03b9\u03b5\u03c7\u03bf\u03bc\u03ad\u03bd\u03bf\u03c5 \u0399\u03c3\u03c4\u03cc\u03c4\u03bf\u03c0\u03bf\u03c5 \u0395\u03bb\u03b9\u03ad\u03c2 \u039a\u03b1\u03bb\u03b1\u03bc\u03ac\u03c4\u03b1\u03c2\" width=\"500\" height=\"38\" \/><\/p>\n<\/div>\n<\/div><\/div><\/div><\/div><\/div><div id=\"pg-16-1\"  class=\"panel-grid panel-has-style\" ><div class=\"panel-row-style panel-row-style-for-16-1\" ><div id=\"pgc-16-1-0\"  class=\"panel-grid-cell\" ><div id=\"panel-16-1-0-0\" class=\"so-panel widget widget_sow-editor panel-first-child panel-last-child\" data-index=\"1\" ><div class=\"panel-widget-style panel-widget-style-for-16-1-0-0\" ><div class=\"so-widget-sow-editor so-widget-sow-editor-base\">\n<div class=\"siteorigin-widget-tinymce textwidget\">\n\t<p class=\"prod_form\" style=\"text-align: justify;\"><strong><span style=\"font-size: 12pt;\"><span style=\"font-size: 14pt;\">Zutaten:<\/span> Eingelegt in Salzlake, Oliven\u00f6l und Zitrone<\/span><\/strong><\/p>\n<p style=\"text-align: justify;\"><strong><span style=\"font-size: 12pt;\"><span style=\"font-size: 14pt;\">Beschreibung:<\/span> Essbare Tafeloliven<\/span><\/strong><\/p>\n<p style=\"text-align: justify;\"><span style=\"font-size: 14pt;\"><strong>Gr\u00f6\u00dfe:<\/strong><\/span> <strong> 1 Size<\/strong><\/p>\n<p style=\"text-align: justify;\"><strong><span style=\"font-size: 12pt;\"><span style=\"font-size: 14pt;\">Verpackung:<\/span> Glas, Metall, Plastik Dosen, Plastikf\u00e4sser<\/span><\/strong><\/p>\n<p style=\"text-align: justify;\"><strong><span style=\"font-size: 12pt;\"><span style=\"font-size: 14pt;\">Gewicht:<\/span> 180gr - 450gr - 1Kg - 2Kg - 3kg - 5Kg - 10Kg - 12Kg - 13Kg - 150Kg<\/span><\/strong><\/p>\n<\/div>\n<\/div><\/div><\/div><\/div><\/div><\/div><div id=\"pg-16-2\"  class=\"panel-grid panel-has-style\" ><div class=\"panel-row-style panel-row-style-for-16-2\" ><div id=\"pgc-16-2-0\"  class=\"panel-grid-cell\" ><div id=\"panel-16-2-0-0\" class=\"so-panel widget widget_sow-editor panel-first-child panel-last-child\" data-index=\"2\" ><div class=\"panel-widget-style panel-widget-style-for-16-2-0-0\" ><div class=\"so-widget-sow-editor so-widget-sow-editor-base\">\n<div class=\"siteorigin-widget-tinymce textwidget\">\n\t<p><img loading=\"lazy\" class=\"img_custom_shadow_2 aligncenter wp-image-640 size-full\" src=\"http:\/\/kalamatasolives.com\/el\/wp-content\/uploads\/sites\/2\/2017\/02\/tin_200x310.jpg\" width=\"200\" height=\"310\" \/><\/p>\n<\/div>\n<\/div><\/div><\/div><\/div><div id=\"pgc-16-2-1\"  class=\"panel-grid-cell\" ><div id=\"panel-16-2-1-0\" class=\"so-panel widget widget_sow-editor panel-first-child panel-last-child\" data-index=\"3\" ><div class=\"panel-widget-style panel-widget-style-for-16-2-1-0\" ><div class=\"so-widget-sow-editor so-widget-sow-editor-base\">\n<div class=\"siteorigin-widget-tinymce textwidget\">\n\t<p><img loading=\"lazy\" class=\"img_custom_shadow_2 aligncenter wp-image-638 size-full\" src=\"http:\/\/kalamatasolives.com\/el\/wp-content\/uploads\/sites\/2\/2017\/02\/Jar1_200x310.jpg\" width=\"200\" height=\"310\" \/><\/p>\n<\/div>\n<\/div><\/div><\/div><\/div><div id=\"pgc-16-2-2\"  class=\"panel-grid-cell\" ><div id=\"panel-16-2-2-0\" class=\"so-panel widget widget_sow-editor panel-first-child panel-last-child\" data-index=\"4\" ><div class=\"panel-widget-style panel-widget-style-for-16-2-2-0\" ><div class=\"so-widget-sow-editor so-widget-sow-editor-base\">\n<div class=\"siteorigin-widget-tinymce textwidget\">\n\t<p><img loading=\"lazy\" class=\"img_custom_shadow_2 aligncenter wp-image-637 size-full\" src=\"http:\/\/kalamatasolives.com\/el\/wp-content\/uploads\/sites\/2\/2017\/02\/elies_kalamon_plastiko1_200x310.jpg\" width=\"200\" height=\"310\" \/><\/p>\n<\/div>\n<\/div><\/div><\/div><\/div><div id=\"pgc-16-2-3\"  class=\"panel-grid-cell\" ><div id=\"panel-16-2-3-0\" class=\"so-panel widget widget_sow-editor panel-first-child panel-last-child\" data-index=\"5\" ><div class=\"panel-widget-style panel-widget-style-for-16-2-3-0\" ><div class=\"so-widget-sow-editor so-widget-sow-editor-base\">\n<div class=\"siteorigin-widget-tinymce textwidget\">\n\t<p><img loading=\"lazy\" class=\"img_custom_shadow_2 aligncenter wp-image-639 size-full\" src=\"http:\/\/kalamatasolives.com\/el\/wp-content\/uploads\/sites\/2\/2017\/02\/skafakia_200x310.jpg\" width=\"200\" height=\"310\" \/><\/p>\n<\/div>\n<\/div><\/div><\/div><\/div><\/div><\/div><div id=\"pg-16-3\"  class=\"panel-grid panel-has-style\" ><div class=\"panel-row-style panel-row-style-for-16-3\" ><div id=\"pgc-16-3-0\"  class=\"panel-grid-cell\" ><div id=\"panel-16-3-0-0\" class=\"so-panel widget widget_sow-editor panel-first-child panel-last-child\" data-index=\"6\" ><div class=\"panel-widget-style panel-widget-style-for-16-3-0-0\" ><div class=\"so-widget-sow-editor so-widget-sow-editor-base\">\n<div class=\"siteorigin-widget-tinymce textwidget\">\n\t<p style=\"text-align: center;\"><strong><span style=\"font-size: 12pt;\">Alle Produkte k\u00f6nnen auf Wunsch des Kunden in jeder Verpackung bestellt werden<\/span><\/strong><\/p>\n<p style=\"text-align: center;\"><strong><span style=\"font-size: 12pt;\"><a href=\"mailto:info@kalamatasolives.com\" target=\"_top\">Fragen zu gebrochenen gr\u00fcnen Oliven!<\/a><\/span><\/strong><\/p>\n<\/div>\n<\/div><\/div><\/div><\/div><\/div><\/div><div id=\"pg-16-4\"  class=\"panel-grid panel-has-style\" ><div class=\"panel-row-style panel-row-style-for-16-4\" ><div id=\"pgc-16-4-0\"  class=\"panel-grid-cell\" ><div id=\"panel-16-4-0-0\" class=\"so-panel widget widget_sow-editor panel-first-child panel-last-child\" data-index=\"7\" ><div class=\"panel-widget-style panel-widget-style-for-16-4-0-0\" ><div class=\"so-widget-sow-editor so-widget-sow-editor-base\">\n<div class=\"siteorigin-widget-tinymce textwidget\">\n\t<hr \/>\n<\/div>\n<\/div><\/div><\/div><\/div><\/div><\/div><div id=\"pg-16-5\"  class=\"panel-grid panel-has-style\" ><div class=\"panel-row-style panel-row-style-for-16-5\" ><div id=\"pgc-16-5-0\"  class=\"panel-grid-cell\" ><div id=\"panel-16-5-0-0\" class=\"so-panel widget widget_sow-editor panel-first-child panel-last-child\" data-index=\"8\" ><div class=\"panel-widget-style panel-widget-style-for-16-5-0-0\" ><div class=\"so-widget-sow-editor so-widget-sow-editor-base\">\n<div class=\"siteorigin-widget-tinymce textwidget\">\n\t<h3 style=\"text-align: left;\">Exporte<\/h3>\n<ul>\n<li style=\"text-align: left;\"><strong>Italien<\/strong><\/li>\n<li style=\"text-align: left;\"><strong>Deutschland<\/strong><\/li>\n<li style=\"text-align: left;\"><strong>Schweden<\/strong><\/li>\n<li style=\"text-align: left;\"><strong>Serbien<\/strong><\/li>\n<li style=\"text-align: left;\"><strong>Australien<\/strong><\/li>\n<li style=\"text-align: left;\"><strong>Belgien<\/strong><\/li>\n<li style=\"text-align: left;\"><a href=\"http:\/\/kalamatasolives.com\/products\/green-cracked-olive\/\" target=\"_blank\" rel=\"noopener noreferrer\"><strong>die USA<\/strong><\/a><\/li>\n<li style=\"text-align: left;\"><strong>Frankreich<\/strong><\/li>\n<li style=\"text-align: left;\"><strong>die Schweiz<\/strong><\/li>\n<li style=\"text-align: left;\"><strong>Bulgarien<\/strong><\/li>\n<li style=\"text-align: left;\"><strong>die Niederlanden<\/strong><\/li>\n<li style=\"text-align: left;\"><a href=\"http:\/\/kalamatasolives.com\/ru\/%d0%bf%d1%80%d0%be%d0%b4%d1%83%d0%ba%d1%86%d0%b8%d1%8f\/%d1%82%d1%80%d0%b5%d1%81%d0%bd%d1%83%d1%82%d1%8b%d0%b5-%d0%b7%d0%b5%d0%bb%d1%91%d0%bd%d1%8b%d0%b5-%d0%be%d0%bb%d0%b8%d0%b2%d0%ba%d0%b8\/\" target=\"_blank\" rel=\"noopener noreferrer\"><strong>Russland<\/strong><\/a><\/li>\n<\/ul>\n<\/div>\n<\/div><\/div><\/div><\/div><div id=\"pgc-16-5-1\"  class=\"panel-grid-cell\" ><div id=\"panel-16-5-1-0\" class=\"so-panel widget widget_sow-editor panel-first-child panel-last-child\" data-index=\"9\" ><div class=\"panel-widget-style panel-widget-style-for-16-5-1-0\" ><div class=\"so-widget-sow-editor so-widget-sow-editor-base\">\n<div class=\"siteorigin-widget-tinymce textwidget\">\n\t<h3 style=\"text-align: left;\">Logistics<\/h3>\n<ul>\n<li style=\"text-align: justify;\"><strong>EUROPALLET 13kg\/12kg Tin 45 CARTONS (1)<\/strong><\/li>\n<li style=\"text-align: justify;\"><strong>EUROPALLET 2kg Pet 25 CARTONS (6)<\/strong><\/li>\n<li style=\"text-align: justify;\"><strong>EUROPALLET 1kg Pet 70 CARTONS (6)<\/strong><\/li>\n<li style=\"text-align: justify;\"><strong>EUROPALLET 180gr Bowl 65 CARTONS (28)<\/strong><\/li>\n<li style=\"text-align: justify;\"><strong>EUROPALLET 450gr Bowl 65 CARTONS (12)<\/strong><\/li>\n<\/ul>\n<\/div>\n<\/div><\/div><\/div><\/div><\/div><\/div><\/div>","protected":false},"excerpt":{"rendered":"<p>Gr\u00fcne gebrochene Oliven , Essbare Tafeloliven, Exporte, Verkauf, Produkte, Herstellung, Kalamon \u2013 Oliven Gebrochene gr\u00fcne Oliven Produkte Zutaten: Eingelegt in Salzlake, Oliven\u00f6l und Zitrone Beschreibung: Essbare Tafeloliven Gr\u00f6\u00dfe: 1 Size Verpackung: Glas, Metall, Plastik Dosen, Plastikf\u00e4sser Gewicht: 180gr &#8211; 450gr<\/p>\n","protected":false},"author":1,"featured_media":0,"parent":10,"menu_order":2,"comment_status":"closed","ping_status":"open","template":"","meta":{"om_disable_all_campaigns":false,"_mi_skip_tracking":false},"aioseo_notices":[],"_links":{"self":[{"href":"https:\/\/kalamatasolives.com\/de\/wp-json\/wp\/v2\/pages\/16"}],"collection":[{"href":"https:\/\/kalamatasolives.com\/de\/wp-json\/wp\/v2\/pages"}],"about":[{"href":"https:\/\/kalamatasolives.com\/de\/wp-json\/wp\/v2\/types\/page"}],"author":[{"embeddable":true,"href":"https:\/\/kalamatasolives.com\/de\/wp-json\/wp\/v2\/users\/1"}],"replies":[{"embeddable":true,"href":"https:\/\/kalamatasolives.com\/de\/wp-json\/wp\/v2\/comments?post=16"}],"version-history":[{"count":15,"href":"https:\/\/kalamatasolives.com\/de\/wp-json\/wp\/v2\/pages\/16\/revisions"}],"predecessor-version":[{"id":331,"href":"https:\/\/kalamatasolives.com\/de\/wp-json\/wp\/v2\/pages\/16\/revisions\/331"}],"up":[{"embeddable":true,"href":"https:\/\/kalamatasolives.com\/de\/wp-json\/wp\/v2\/pages\/10"}],"wp:attachment":[{"href":"https:\/\/kalamatasolives.com\/de\/wp-json\/wp\/v2\/media?parent=16"}],"curies":[{"name":"wp","href":"https:\/\/api.w.org\/{rel}","templated":true}]}}