{"id":20,"date":"2017-02-06T21:12:41","date_gmt":"2017-02-06T19:12:41","guid":{"rendered":"http:\/\/kalamatasolives.com\/de\/?page_id=20"},"modified":"2017-10-12T17:30:29","modified_gmt":"2017-10-12T14:30:29","slug":"olive","status":"publish","type":"page","link":"https:\/\/kalamatasolives.com\/de\/olive\/","title":{"rendered":"Olive"},"content":{"rendered":"<div id=\"pl-20\"  class=\"panel-layout\" ><div id=\"pg-20-0\"  class=\"panel-grid panel-no-style\" ><div id=\"pgc-20-0-0\"  class=\"panel-grid-cell\" ><div id=\"panel-20-0-0-0\" class=\"so-panel widget widget_sow-editor panel-first-child panel-last-child\" data-index=\"0\" ><div class=\"so-widget-sow-editor so-widget-sow-editor-base\">\n<div class=\"siteorigin-widget-tinymce textwidget\">\n\t<span class=\"keyw_p\">Tafeloliven, Frucht, N\u00e4hrwert, Ernte, Olive Gr\u00f6\u00dfen, Kalorien<\/span>\n<h2 style=\"text-align: center;\">Essbare Tafeloliven<\/h2>\n<img loading=\"lazy\" class=\"aligncenter size-full wp-image-100\" src=\"http:\/\/kalamatasolives.com\/el\/wp-content\/uploads\/sites\/2\/2016\/11\/line_decorative_500x38.png\" alt=\"\u0394\u03b9\u03b1\u03ba\u03bf\u03c3\u03bc\u03b7\u03c4\u03b9\u03ba\u03ae \u0393\u03c1\u03b1\u03bc\u03bc\u03ae \u03a0\u03b5\u03c1\u03b9\u03b5\u03c7\u03bf\u03bc\u03ad\u03bd\u03bf\u03c5 \u0399\u03c3\u03c4\u03cc\u03c4\u03bf\u03c0\u03bf\u03c5 \u0395\u03bb\u03b9\u03ad\u03c2 \u039a\u03b1\u03bb\u03b1\u03bc\u03ac\u03c4\u03b1\u03c2\" width=\"500\" height=\"38\" \/><\/div>\n<\/div><\/div><\/div><\/div><div id=\"pg-20-1\"  class=\"panel-grid panel-has-style\" ><div class=\"panel-row-style panel-row-style-for-20-1\" ><div id=\"pgc-20-1-0\"  class=\"panel-grid-cell\" ><div id=\"panel-20-1-0-0\" class=\"so-panel widget widget_sow-editor panel-first-child panel-last-child\" data-index=\"1\" ><div class=\"so-widget-sow-editor so-widget-sow-editor-base\">\n<div class=\"siteorigin-widget-tinymce textwidget\">\n\t<p style=\"text-align: justify;\"><strong>In der Welt gibt es etwa 600 verschiedene Sorten von Olivenb\u00e4umen, aber nur wenige davon sind f\u00fcr die Herstellung und Verarbeitung von essbaren Tafeloliven geeignet<\/strong><\/p>\n<p style=\"text-align: justify;\"><strong>Die Eignung von jeglicher Sorte f\u00fcr die Herstellung von Tafeloliven h\u00e4ngt davon ab, ob sie in der Lage ist die Fr\u00fcchte mit bestimmten Eigenschaften zu erzeugen. Von besonderer Bedeutung sind die folgenden Eigenschaften:<\/strong><\/p>\n<ul style=\"list-style-type: square;\">\n<li style=\"text-align: justify;\"><strong>Das Gewichtsverh\u00e4ltnis von Zellstoff zu dem Gewicht des Steines der Olivenfrucht<\/strong><\/li>\n<li style=\"text-align: justify;\"><strong>Der erh\u00f6hte Zuckergehalt in der Olivenfrucht<\/strong><\/li>\n<li style=\"text-align: justify;\"><strong>Einfache Verarbeitung von Oliven (die Erhaltung von einer einheitlichen Farbe und leichter Bitterkeit)<\/strong><\/li>\n<li style=\"text-align: justify;\"><strong>Die einheitliche und gew\u00fcnschte Gr\u00f6\u00dfe der Olivenfrucht<\/strong><\/li>\n<li style=\"text-align: justify;\"><strong>Die gew\u00fcnschte Farbe der Olivenfrucht<\/strong><\/li>\n<li style=\"text-align: justify;\"><strong>Die d\u00fcnne Haut (Schale) der Olivenfrucht<\/strong><\/li>\n<\/ul>\n<\/div>\n<\/div><\/div><\/div><\/div><\/div><div id=\"pg-20-2\"  class=\"panel-grid panel-no-style\" ><div id=\"pgc-20-2-0\"  class=\"panel-grid-cell\" ><div id=\"panel-20-2-0-0\" class=\"so-panel widget widget_sow-editor panel-first-child panel-last-child\" data-index=\"2\" ><div class=\"so-widget-sow-editor so-widget-sow-editor-base\">\n<div class=\"siteorigin-widget-tinymce textwidget\">\n\t<p><img loading=\"lazy\" class=\"img_custom_shadow_2 aligncenter wp-image-155 size-full\" src=\"http:\/\/kalamatasolives.com\/de\/wp-content\/uploads\/sites\/6\/2017\/03\/olives-945749-e1489686835337.jpg\" alt=\"46. Olivenbaumzweig der Website Spartan Treasure \/ Kalamon - Oliven\" width=\"800\" height=\"300\" srcset=\"https:\/\/kalamatasolives.com\/de\/wp-content\/uploads\/sites\/6\/2017\/03\/olives-945749-e1489686835337.jpg 800w, https:\/\/kalamatasolives.com\/de\/wp-content\/uploads\/sites\/6\/2017\/03\/olives-945749-e1489686835337-300x113.jpg 300w, https:\/\/kalamatasolives.com\/de\/wp-content\/uploads\/sites\/6\/2017\/03\/olives-945749-e1489686835337-768x288.jpg 768w, https:\/\/kalamatasolives.com\/de\/wp-content\/uploads\/sites\/6\/2017\/03\/olives-945749-e1489686835337-600x225.jpg 600w\" sizes=\"(max-width: 800px) 100vw, 800px\" \/><\/p>\n<\/div>\n<\/div><\/div><\/div><\/div><div id=\"pg-20-3\"  class=\"panel-grid panel-has-style\" ><div class=\"panel-row-style panel-row-style-for-20-3\" ><div id=\"pgc-20-3-0\"  class=\"panel-grid-cell\" ><div id=\"panel-20-3-0-0\" class=\"so-panel widget widget_sow-editor panel-first-child panel-last-child\" data-index=\"3\" ><div class=\"so-widget-sow-editor so-widget-sow-editor-base\"><h3 class=\"widget-title\">N\u00e4hrwert von Oliven<\/h3>\n<div class=\"siteorigin-widget-tinymce textwidget\">\n\t<p style=\"text-align: justify;\"><strong>Die Oliven sind feines Essen. Die Oliven bilden eine komplette Nahrung und sind eine wichtige Erg\u00e4nzung zu jedem Tisch, die gro\u00dfz\u00fcgig die Gesundheit und die Langlebigkeit bietet. Die Untersuchungen \u00fcber den N\u00e4hrwert von essbaren Oliven best\u00e4tigen ihre positive Wirkung auf die menschliche Gesundheit<\/strong><\/p>\n<p style=\"text-align: justify;\"><strong>Die Fr\u00fcchte des Olivenbaums sind eine wunderbare Quelle von einfach unges\u00e4ttigten Fetts\u00e4uren, die sch\u00e4dlichen LDL-Cholesterinspiegel senken, die Niveaus von HDL-Cholesterin beg\u00fcnstigen und die Arterien sch\u00fctzen. Sie enthalten etwa 73% einfach unges\u00e4ttigte Fetts\u00e4uren, 12% unges\u00e4ttige, 15% ges\u00e4ttigte (insgesamt enthalten 16-30% Fett)<\/strong><\/p>\n<p style=\"text-align: justify;\"><strong>Die Oliven enthalten 1,5 - 2,0% Protein, 1,0 bis 1,3% Mineralstoffe und 4-13% Extrakt von stickstofffrei Stoffe. Die unbehandelten Oliven sind sehr reich an Kalium, Calcium, Phosphor und Magnesium, sowie Mangan, Eisen, Natrium und Kupfer<\/strong><\/p>\n<p style=\"text-align: justify;\"><strong>Die Olive liefert Faser- und Mineralstoffe in den K\u00f6rper und ist eine Quelle von Vitamin E, das ein nat\u00fcrliches Antioxidationsmittel ist. Sie ist nun als preventive Ma\u00dfnahme f\u00fcr Krankheiten wie Atherosklerose, Herz-Kreislauferkrankungen, Leberfunktionsst\u00f6rungen und Erkrankungen des Nervensystems bekannt. Es wird ferner angenommen, dass Vitamin E den Abbau der Zellmembranen verlangsamt und die Osteoporose bek\u00e4mpft<\/strong><\/p>\n<p style=\"text-align: justify;\"><strong>In den Mittelmeerl\u00e4ndern mit hoher Aufnahme von Oliven und Oliven\u00f6l die Zahl von Herzproblemen ist erheblich beschr\u00e4nkt, besonders im Vergleich zu den nordischen L\u00e4ndern, die andere Arten von Fett verbrauchen<\/strong><\/p>\n<p style=\"text-align: justify;\">\n<p style=\"text-align: justify;\"><strong>Indikative Kalorien von Oliven sind wie folgt:<\/strong><\/p>\n<table>\n<tbody>\n<tr>\n<td><strong>\u03a4\u03a5\u03a0\u039f\u03a3\/\u03a0\u039f\u03a3\u039f\u03a4\u0397\u03a4\u0391<\/strong><\/td>\n<td><strong>\u0398\u0395\u03a1\u039c\u0399\u0394\u0395\u03a3<\/strong><\/td>\n<\/tr>\n<tr>\n<td><strong>Schwarze Oliven (100 gr)<\/strong><\/td>\n<td><strong>118<\/strong><\/td>\n<\/tr>\n<tr>\n<td><strong>Gr\u00fcne Oliven (100 gr)<\/strong><\/td>\n<td><strong>97<\/strong><\/td>\n<\/tr>\n<\/tbody>\n<\/table>\n<p style=\"text-align: justify;\">\n<\/div>\n<\/div><\/div><\/div><\/div><\/div><div id=\"pg-20-4\"  class=\"panel-grid panel-no-style\" ><div id=\"pgc-20-4-0\"  class=\"panel-grid-cell\" ><div id=\"panel-20-4-0-0\" class=\"so-panel widget widget_sow-editor panel-first-child panel-last-child\" data-index=\"4\" ><div class=\"so-widget-sow-editor so-widget-sow-editor-base\">\n<div class=\"siteorigin-widget-tinymce textwidget\">\n\t<p><img loading=\"lazy\" class=\"img_custom_shadow_2 aligncenter wp-image-157 size-full\" src=\"http:\/\/kalamatasolives.com\/de\/wp-content\/uploads\/sites\/6\/2017\/03\/olive-oil-1596417-1-e1489690175819.jpg\" alt=\"\u00d6l, Lavendel &amp; Oliven auf dem Tisch der Internet site, bezogen auf Kalamon \u2013 Oliven\" width=\"800\" height=\"299\" srcset=\"https:\/\/kalamatasolives.com\/de\/wp-content\/uploads\/sites\/6\/2017\/03\/olive-oil-1596417-1-e1489690175819.jpg 800w, https:\/\/kalamatasolives.com\/de\/wp-content\/uploads\/sites\/6\/2017\/03\/olive-oil-1596417-1-e1489690175819-300x112.jpg 300w, https:\/\/kalamatasolives.com\/de\/wp-content\/uploads\/sites\/6\/2017\/03\/olive-oil-1596417-1-e1489690175819-768x287.jpg 768w, https:\/\/kalamatasolives.com\/de\/wp-content\/uploads\/sites\/6\/2017\/03\/olive-oil-1596417-1-e1489690175819-600x224.jpg 600w\" sizes=\"(max-width: 800px) 100vw, 800px\" \/><\/p>\n<\/div>\n<\/div><\/div><\/div><\/div><div id=\"pg-20-5\"  class=\"panel-grid panel-has-style\" ><div class=\"panel-row-style panel-row-style-for-20-5\" ><div id=\"pgc-20-5-0\"  class=\"panel-grid-cell\" ><div id=\"panel-20-5-0-0\" class=\"so-panel widget widget_sow-editor panel-first-child panel-last-child\" data-index=\"5\" ><div class=\"so-widget-sow-editor so-widget-sow-editor-base\"><h3 class=\"widget-title\">Die Ernte<\/h3>\n<div class=\"siteorigin-widget-tinymce textwidget\">\n\t<p style=\"text-align: justify;\"><strong>Die Ernte beginnt am Ende des Jahres und dauert f\u00fcr mehrere Monate. Sie wird sorgf\u00e4ltig  durchgef\u00fchrt, um die Fr\u00fcchte nicht zu besch\u00e4digen, die sp\u00e4ter sofort zu unserem Unternehmensgel\u00e4nde f\u00fcr soforte Verarbeitung transportiert werden. Diese Verarbeitung h\u00e4lt 3-4 Monate vor der Reifung der Oliven bis zur ihren Bereitschaft, den Markt zu reichen<\/strong><\/p>\n<\/div>\n<\/div><\/div><\/div><\/div><\/div><div id=\"pg-20-6\"  class=\"panel-grid panel-has-style\" ><div class=\"panel-row-style panel-row-style-for-20-6\" ><div id=\"pgc-20-6-0\"  class=\"panel-grid-cell\" ><div id=\"panel-20-6-0-0\" class=\"so-panel widget widget_sow-editor panel-first-child panel-last-child\" data-index=\"6\" ><div class=\"so-widget-sow-editor so-widget-sow-editor-base\">\n<div class=\"siteorigin-widget-tinymce textwidget\">\n\t<p style=\"text-align: justify;\"><strong>Unsere j\u00e4hrliche Produktion herstellt folgende Olivengr\u00f6\u00dfen:<\/strong><\/p>\n<ul>\n<li><strong>Giant<\/strong><\/li>\n<li><strong>Extra Jumbo<\/strong><\/li>\n<li><strong>Jumbo<\/strong><\/li>\n<li><strong>Extra Large<\/strong><\/li>\n<li><strong>Large<\/strong><\/li>\n<li><strong>Superior<\/strong><\/li>\n<li><strong>Brilliant<\/strong><\/li>\n<li><strong>Fine<\/strong><\/li>\n<li><strong>Bullets<\/strong><\/li>\n<\/ul>\n<p style=\"text-align: justify;\"><strong>und ist in verschiedenen Gr\u00f6\u00dfen, wie ganze Oliven, entsteinte Oliven, die H\u00e4lfte der Oliven und die in Scheiben geschnitten Oliven, in entsprechenden Mengen erh\u00e4ltlich<\/strong><\/p>\n<\/div>\n<\/div><\/div><\/div><\/div><\/div><\/div>","protected":false},"excerpt":{"rendered":"<p>Tafeloliven, Frucht, N\u00e4hrwert, Ernte, Olive Gr\u00f6\u00dfen, Kalorien Essbare Tafeloliven In der Welt gibt es etwa 600 verschiedene Sorten von Olivenb\u00e4umen, aber nur wenige davon sind f\u00fcr die Herstellung und Verarbeitung von essbaren Tafeloliven geeignet Die Eignung von jeglicher Sorte f\u00fcr<\/p>\n","protected":false},"author":1,"featured_media":0,"parent":0,"menu_order":4,"comment_status":"closed","ping_status":"open","template":"","meta":{"om_disable_all_campaigns":false,"_mi_skip_tracking":false},"aioseo_notices":[],"_links":{"self":[{"href":"https:\/\/kalamatasolives.com\/de\/wp-json\/wp\/v2\/pages\/20"}],"collection":[{"href":"https:\/\/kalamatasolives.com\/de\/wp-json\/wp\/v2\/pages"}],"about":[{"href":"https:\/\/kalamatasolives.com\/de\/wp-json\/wp\/v2\/types\/page"}],"author":[{"embeddable":true,"href":"https:\/\/kalamatasolives.com\/de\/wp-json\/wp\/v2\/users\/1"}],"replies":[{"embeddable":true,"href":"https:\/\/kalamatasolives.com\/de\/wp-json\/wp\/v2\/comments?post=20"}],"version-history":[{"count":5,"href":"https:\/\/kalamatasolives.com\/de\/wp-json\/wp\/v2\/pages\/20\/revisions"}],"predecessor-version":[{"id":336,"href":"https:\/\/kalamatasolives.com\/de\/wp-json\/wp\/v2\/pages\/20\/revisions\/336"}],"wp:attachment":[{"href":"https:\/\/kalamatasolives.com\/de\/wp-json\/wp\/v2\/media?parent=20"}],"curies":[{"name":"wp","href":"https:\/\/api.w.org\/{rel}","templated":true}]}}