{"id":22,"date":"2017-02-06T21:15:47","date_gmt":"2017-02-06T19:15:47","guid":{"rendered":"http:\/\/kalamatasolives.com\/de\/?page_id=22"},"modified":"2017-10-12T17:30:43","modified_gmt":"2017-10-12T14:30:43","slug":"olivenbaum","status":"publish","type":"page","link":"https:\/\/kalamatasolives.com\/de\/olive\/olivenbaum\/","title":{"rendered":"Olivenbaum"},"content":{"rendered":"<div id=\"pl-22\"  class=\"panel-layout\" ><div id=\"pg-22-0\"  class=\"panel-grid panel-no-style\" ><div id=\"pgc-22-0-0\"  class=\"panel-grid-cell\" ><div id=\"panel-22-0-0-0\" class=\"so-panel widget widget_sow-editor panel-first-child panel-last-child\" data-index=\"0\" ><div class=\"so-widget-sow-editor so-widget-sow-editor-base\">\n<div class=\"siteorigin-widget-tinymce textwidget\">\n\t<p><span class=\"keyw_p\">Der Olivenbaum, die Olive, Der gesegnete Baum, Olea Europea Sativa, Mittelmeerraum<\/span><\/p>\n<h2 style=\"text-align: center;\">Olivenbaum - der gesegnete Baum<\/h2>\n<p><img loading=\"lazy\" class=\"aligncenter size-full wp-image-100\" src=\"http:\/\/kalamatasolives.com\/el\/wp-content\/uploads\/sites\/2\/2016\/11\/line_decorative_500x38.png\" alt=\"\u0394\u03b9\u03b1\u03ba\u03bf\u03c3\u03bc\u03b7\u03c4\u03b9\u03ba\u03ae \u0393\u03c1\u03b1\u03bc\u03bc\u03ae \u03a0\u03b5\u03c1\u03b9\u03b5\u03c7\u03bf\u03bc\u03ad\u03bd\u03bf\u03c5 \u0399\u03c3\u03c4\u03cc\u03c4\u03bf\u03c0\u03bf\u03c5 \u0395\u03bb\u03b9\u03ad\u03c2 \u039a\u03b1\u03bb\u03b1\u03bc\u03ac\u03c4\u03b1\u03c2\" width=\"500\" height=\"38\" \/><\/p>\n<\/div>\n<\/div><\/div><\/div><\/div><div id=\"pg-22-1\"  class=\"panel-grid panel-has-style\" ><div class=\"panel-row-style panel-row-style-for-22-1\" ><div id=\"pgc-22-1-0\"  class=\"panel-grid-cell\" ><div id=\"panel-22-1-0-0\" class=\"so-panel widget widget_sow-editor panel-first-child panel-last-child\" data-index=\"1\" ><div class=\"so-widget-sow-editor so-widget-sow-editor-base\">\n<div class=\"siteorigin-widget-tinymce textwidget\">\n\t<p style=\"text-align: justify;\"><strong>Der Olivenbaum erschien im Mittelmeerraum seit Jahrtausende und verbreitete sich von dort zu den Nachbarl\u00e4ndern. Von den fr\u00fchesten Zeiten erscheint der Olivenbaum in Mythen und Performances und in der Geschichte der V\u00f6lker der L\u00e4nder, in denen er w\u00e4chst<\/strong><\/p>\n<p style=\"text-align: justify;\"><strong>Der Olivenbaum ist nicht nur qualitativ hochwertiges Gesundheits- und Lebensmittel, sondern auch das Symbol von Wohlstand, Frieden, Fruchtbarkeit und Ergiebigkeit, und aus diesem Grund ist er ein fester Bestandteil der sozialen, wirtschaftlichen und k\u00fcnstlerischen Ausdruck des Menschen geworden<\/strong><\/p>\n<p style=\"text-align: justify;\"><strong>Heutzutage, abgesehen von einem hervorragenden Beispiel f\u00fcr die Verwendung der Oliven in der Mittelmeer-Di\u00e4t und bei der Herstellung von Kosmetika, kann der Olivenbaum auch sinnvoll nicht nur aus Holz und Bl\u00e4tter verwendet werden; die Olivenfruchtverarbeitungr\u00fcckst\u00e4nde konnen auch gebraucht sein<\/strong><\/p>\n<\/div>\n<\/div><\/div><\/div><\/div><\/div><div id=\"pg-22-2\"  class=\"panel-grid panel-has-style\" ><div class=\"panel-row-style panel-row-style-for-22-2\" ><div id=\"pgc-22-2-0\"  class=\"panel-grid-cell\" ><div id=\"panel-22-2-0-0\" class=\"so-panel widget widget_sow-editor panel-first-child panel-last-child\" data-index=\"2\" ><div class=\"so-widget-sow-editor so-widget-sow-editor-base\">\n<div class=\"siteorigin-widget-tinymce textwidget\">\n\t<p><img loading=\"lazy\" class=\"img_custom_shadow_2 aligncenter wp-image-158 size-full\" src=\"http:\/\/kalamatasolives.com\/de\/wp-content\/uploads\/sites\/6\/2017\/03\/foggy-1122136-1-e1489690479443.jpg\" alt=\"Olivenb\u00e4ume im Nebel der Internet site, bezogen auf Kalamon \u2013 Oliven\" width=\"800\" height=\"299\" srcset=\"https:\/\/kalamatasolives.com\/de\/wp-content\/uploads\/sites\/6\/2017\/03\/foggy-1122136-1-e1489690479443.jpg 800w, https:\/\/kalamatasolives.com\/de\/wp-content\/uploads\/sites\/6\/2017\/03\/foggy-1122136-1-e1489690479443-300x112.jpg 300w, https:\/\/kalamatasolives.com\/de\/wp-content\/uploads\/sites\/6\/2017\/03\/foggy-1122136-1-e1489690479443-768x287.jpg 768w, https:\/\/kalamatasolives.com\/de\/wp-content\/uploads\/sites\/6\/2017\/03\/foggy-1122136-1-e1489690479443-600x224.jpg 600w\" sizes=\"(max-width: 800px) 100vw, 800px\" \/><\/p>\n<\/div>\n<\/div><\/div><\/div><\/div><\/div><div id=\"pg-22-3\"  class=\"panel-grid panel-has-style\" ><div class=\"panel-row-style panel-row-style-for-22-3\" ><div id=\"pgc-22-3-0\"  class=\"panel-grid-cell\" ><div id=\"panel-22-3-0-0\" class=\"so-panel widget widget_sow-editor panel-first-child panel-last-child\" data-index=\"3\" ><div class=\"so-widget-sow-editor so-widget-sow-editor-base\"><h3 class=\"widget-title\">Olivenbaum<\/h3>\n<div class=\"siteorigin-widget-tinymce textwidget\">\n\t<p style=\"text-align: justify;\"><strong>Sein vollst\u00e4ndiger Name ist Olea Europea Sativa. Er ist etwa 60.000 Jahre alt. Immergr\u00fcner, ausdauernder Baum, geb\u00fcrtig aus dem \u00f6stlichen Mittelmeerraum. Er hat die F\u00e4higkeit, unter ung\u00fcnstigen Bedingungen zu gedeihen. Er passt an felsigen und unfruchtbaren B\u00f6den und an hei\u00dfen, trockenen Sommer des Mittelmeerraums an. Aber kann er auch Temperaturen bis zu 0 C widerstehen. Als gro\u00dfer Baum, hat er eine mittlere Gr\u00f6\u00dfe, aber kann bis zu zehn Meter erreichen. Es gibt nat\u00fcrlich auch die Ausnahmen, die sogenannten \"Zwerge\". Seine sch\u00f6nste Zeit, die Bl\u00fctezeit, ist im sp\u00e4ten Fr\u00fchling<\/strong><\/p>\n<p style=\"text-align: justify;\"><strong>Dieser Baum ist mit allen Aspekten der Kultur identifiziert und bleibt neben dem Mensch an allen wichtigen f\u00fcr ihn Ereignisse. Er wurde mit unseren hohen Idealen verbunden und machte uns ihn zu lieben. Er ist im Laufe der Zeit ein Symbol geworden. Ein Botschafter von Wissen, Weisheit, F\u00fclle, Frieden, Gesundheit, Kraft und Sch\u00f6nheit<\/strong><\/p>\n<p style=\"text-align: justify;\"><strong>Eng mit Legenden verbunden, ist er ein integraler Bestandteil der Traditionen und religi\u00f6sen Zeremonien geworden, der manchmal die Grenzen Griechenlands ubertrifft. In der Antike spielten der Olivenbaum und seine Fr\u00fcchte eine grosse Rolle in Opfergaben an die G\u00f6tter. Wesentlich ist seine Pr\u00e4senz in der Kunst, viele Kunstler wurden durch ihn inspiriert um Schmuck zu schaffen, und viele literarische Entdeckungen wurden durch diese wunderbare Frucht inspiriert. Nat\u00fcrlich koexistierte er auch mit Sport, vor allem als Preis. Olive Kr\u00e4nze waren in der Antike die gr\u00f6\u00dfte Ehre f\u00fcr jeden Sportler bei den Olympischen Spielen.<\/strong><\/p>\n<p style=\"text-align: justify;\"><strong>Und trotzdem k\u00f6nnte man erwarten, dass nach vielen Jahren heutzutage der Beitrag und die Anwesenheit des Olivenbaums geloscht werden, im Gegensatz werden sie st\u00e4ndig verst\u00e4rkt. Von der einfachen allt\u00e4glichen Aufgaben bis zu religi\u00f6sen Zeremonien erkl\u00e4rt er laut und stark seine s\u00fc\u00dfe und k\u00f6stliche Pr\u00e4senz. Wie viele sind die Rezepte mit den Oliven? Und nat\u00fcrlich mit dem Oliven\u00f6l, das wesentlich f\u00fcr fast jedes Essen notwendig ist. In der christlichen Religion findet der erste Kontakt schon in sehr zartem Alter bei der Taufe statt. Auch die Segler giessen das Oliven\u00f6l ins Meer, um es zu \"beruhigen\" und auf ihre Seite zu ziehen. Und sp\u00e4ter, ist die Verwendung des Olivenbaums dadurch nicht beschr\u00e4nkt. Er wird f\u00fcr die Herstellung von M\u00f6beln, wie glamour\u00f6s und chic als auch modernen und utilitaristischen verwendet, und wird auch als Kraftstoff im Winter benuzt. Kein einziges St\u00fcck von Oliven wird verschwendet. Auch die \u00dcberreste haben ihre einige Verwendung; deshalb der Olivenbaum gesegnet genannt wird<\/strong><\/p>\n<\/div>\n<\/div><\/div><\/div><\/div><\/div><div id=\"pg-22-4\"  class=\"panel-grid panel-has-style\" ><div class=\"panel-row-style panel-row-style-for-22-4\" ><div id=\"pgc-22-4-0\"  class=\"panel-grid-cell\" ><div id=\"panel-22-4-0-0\" class=\"so-panel widget widget_sow-editor panel-first-child panel-last-child\" data-index=\"4\" ><div class=\"so-widget-sow-editor so-widget-sow-editor-base\"><h3 class=\"widget-title\">Bodenanforderungen <\/h3>\n<div class=\"siteorigin-widget-tinymce textwidget\">\n\t<p style=\"text-align: justify;\"><strong>Der Olivenbaum w\u00e4chst in jedem Boden, auch im kargen und steinigen. Er ist jedoch viel besser fruiting in den relativ fruchtbaren B\u00f6den, die die ausreichende Feuchtigkeit halten kann. Er leidet ernsthaft in schweren B\u00f6den voll Wasser. Er bevorzugt neutrale oder leicht alkalische Reaktion (pH 7-8) von Boden, kann aber und leicht sauren B\u00f6den standhalten. Er hat eine relativ gute Best\u00e4ndigkeit gegen\u00fcber Bodenversalzung<\/strong><\/p>\n<\/div>\n<\/div><\/div><\/div><\/div><\/div><div id=\"pg-22-5\"  class=\"panel-grid panel-has-style\" ><div class=\"panel-row-style panel-row-style-for-22-5\" ><div id=\"pgc-22-5-0\"  class=\"panel-grid-cell\" ><div id=\"panel-22-5-0-0\" class=\"so-panel widget widget_sow-editor panel-first-child panel-last-child\" data-index=\"5\" ><div class=\"so-widget-sow-editor so-widget-sow-editor-base\">\n<div class=\"siteorigin-widget-tinymce textwidget\">\n\t<p><img loading=\"lazy\" class=\"img_custom_shadow_2 aligncenter wp-image-160 size-full\" src=\"http:\/\/kalamatasolives.com\/de\/wp-content\/uploads\/sites\/6\/2017\/03\/island-of-rab-249465-1-e1489690785137.jpg\" alt=\"Olivenbaum im Berggebiet der Internet site, bezogen auf Kalamon \u2013 Oliven\" width=\"800\" height=\"300\" srcset=\"https:\/\/kalamatasolives.com\/de\/wp-content\/uploads\/sites\/6\/2017\/03\/island-of-rab-249465-1-e1489690785137.jpg 800w, https:\/\/kalamatasolives.com\/de\/wp-content\/uploads\/sites\/6\/2017\/03\/island-of-rab-249465-1-e1489690785137-300x113.jpg 300w, https:\/\/kalamatasolives.com\/de\/wp-content\/uploads\/sites\/6\/2017\/03\/island-of-rab-249465-1-e1489690785137-768x288.jpg 768w, https:\/\/kalamatasolives.com\/de\/wp-content\/uploads\/sites\/6\/2017\/03\/island-of-rab-249465-1-e1489690785137-600x225.jpg 600w\" sizes=\"(max-width: 800px) 100vw, 800px\" \/><\/p>\n<\/div>\n<\/div><\/div><\/div><\/div><\/div><div id=\"pg-22-6\"  class=\"panel-grid panel-has-style\" ><div class=\"panel-row-style panel-row-style-for-22-6\" ><div id=\"pgc-22-6-0\"  class=\"panel-grid-cell\" ><div id=\"panel-22-6-0-0\" class=\"so-panel widget widget_sow-editor panel-first-child panel-last-child\" data-index=\"6\" ><div class=\"so-widget-sow-editor so-widget-sow-editor-base\"><h3 class=\"widget-title\">Mythologie<\/h3>\n<div class=\"siteorigin-widget-tinymce textwidget\">\n\t<p style=\"text-align: justify;\"><strong>Der Mythologie zufolge k\u00e4mpften die G\u00f6ttin Athene und der Gott Poseidon f\u00fcr das Recht auf Schutz der antiken Stadt Athen. Am Ende wurde die G\u00f6ttin Athene Schutzpatron der Stadt geworden, die in ihrer Ehre genannt wurde, und schenkte den Athener den ersten Kulturolivenbaum<\/strong><\/p>\n<p style=\"text-align: justify;\"><strong>Auch bei den Olympischen Spielen rieben die Athleten seinen K\u00f6rper mit dem Oliven\u00f6l vor dem Wettbewerb, und, als Gewinner trugen stolz den Kranz aus Olivenzweigen, als Beleg daf\u00fcr, wie heilig dieser Baum f\u00fcr den alten Griechen war<\/strong><\/p>\n<p style=\"text-align: justify;\"><strong>Von der Antike bis heute sind die Oliven und das Oliven\u00f6l ein wichtiger Bestandteil der einzigartigen mediterranen Ern\u00e4hrung, der Gesundheit (Vitamin E, Antioxidantien, etc.) und der Sch\u00f6nheit, weil sie in vielen dekorativen Rezepturen mit hervorragenden Eigenschaften verwendet werden<\/strong><\/p>\n<\/div>\n<\/div><\/div><\/div><\/div><\/div><\/div>","protected":false},"excerpt":{"rendered":"<p>Der Olivenbaum, die Olive, Der gesegnete Baum, Olea Europea Sativa, Mittelmeerraum Olivenbaum &#8211; der gesegnete Baum Der Olivenbaum erschien im Mittelmeerraum seit Jahrtausende und verbreitete sich von dort zu den Nachbarl\u00e4ndern. Von den fr\u00fchesten Zeiten erscheint der Olivenbaum in Mythen<\/p>\n","protected":false},"author":1,"featured_media":0,"parent":20,"menu_order":2,"comment_status":"closed","ping_status":"open","template":"","meta":{"om_disable_all_campaigns":false,"_mi_skip_tracking":false},"aioseo_notices":[],"_links":{"self":[{"href":"https:\/\/kalamatasolives.com\/de\/wp-json\/wp\/v2\/pages\/22"}],"collection":[{"href":"https:\/\/kalamatasolives.com\/de\/wp-json\/wp\/v2\/pages"}],"about":[{"href":"https:\/\/kalamatasolives.com\/de\/wp-json\/wp\/v2\/types\/page"}],"author":[{"embeddable":true,"href":"https:\/\/kalamatasolives.com\/de\/wp-json\/wp\/v2\/users\/1"}],"replies":[{"embeddable":true,"href":"https:\/\/kalamatasolives.com\/de\/wp-json\/wp\/v2\/comments?post=22"}],"version-history":[{"count":5,"href":"https:\/\/kalamatasolives.com\/de\/wp-json\/wp\/v2\/pages\/22\/revisions"}],"predecessor-version":[{"id":339,"href":"https:\/\/kalamatasolives.com\/de\/wp-json\/wp\/v2\/pages\/22\/revisions\/339"}],"up":[{"embeddable":true,"href":"https:\/\/kalamatasolives.com\/de\/wp-json\/wp\/v2\/pages\/20"}],"wp:attachment":[{"href":"https:\/\/kalamatasolives.com\/de\/wp-json\/wp\/v2\/media?parent=22"}],"curies":[{"name":"wp","href":"https:\/\/api.w.org\/{rel}","templated":true}]}}