{"id":24,"date":"2017-02-06T21:21:18","date_gmt":"2017-02-06T19:21:18","guid":{"rendered":"http:\/\/kalamatasolives.com\/de\/?page_id=24"},"modified":"2017-10-12T17:30:50","modified_gmt":"2017-10-12T14:30:50","slug":"skoura-in-lakonien","status":"publish","type":"page","link":"https:\/\/kalamatasolives.com\/de\/olive\/skoura-in-lakonien\/","title":{"rendered":"Skoura in Lakonien"},"content":{"rendered":"<div id=\"pl-24\"  class=\"panel-layout\" ><div id=\"pg-24-0\"  class=\"panel-grid panel-no-style\" ><div id=\"pgc-24-0-0\"  class=\"panel-grid-cell\" ><div id=\"panel-24-0-0-0\" class=\"so-panel widget widget_sow-editor panel-first-child panel-last-child\" data-index=\"0\" ><div class=\"so-widget-sow-editor so-widget-sow-editor-base\">\n<div class=\"siteorigin-widget-tinymce textwidget\">\n\t<p><span class=\"keyw_p\">Skoura in Lakonien, Sparta, mediterranes Klima, Olivenplantagen, Berglandwirtschaft, Olivenfr\u00fcchte<\/span><\/p>\n<h2 style=\"text-align: center;\">Lakonien, die ewige Sch\u00f6nheit!<\/h2>\n<p><img loading=\"lazy\" class=\"aligncenter wp-image-100 size-full\" src=\"http:\/\/kalamatasolives.com\/el\/wp-content\/uploads\/sites\/2\/2016\/11\/line_decorative_500x38.png\" alt=\"\u0394\u03b9\u03b1\u03ba\u03bf\u03c3\u03bc\u03b7\u03c4\u03b9\u03ba\u03ae \u0393\u03c1\u03b1\u03bc\u03bc\u03ae \u03a0\u03b5\u03c1\u03b9\u03b5\u03c7\u03bf\u03bc\u03ad\u03bd\u03bf\u03c5 \u0399\u03c3\u03c4\u03cc\u03c4\u03bf\u03c0\u03bf\u03c5 \u0395\u03bb\u03b9\u03ad\u03c2 \u039a\u03b1\u03bb\u03b1\u03bc\u03ac\u03c4\u03b1\u03c2. \u03a3\u03ba\u03bf\u03cd\u03c1\u03b1 \u039b\u03b1\u03ba\u03c9\u03bd\u03af\u03b1\u03c2, \u03a3\u03c0\u03ac\u03c1\u03c4\u03b7, \u03ba\u03bb\u03af\u03bc\u03b1 \u03bc\u03b5\u03c3\u03bf\u03b3\u03b5\u03b9\u03b1\u03ba\u03cc, \u03b5\u03bb\u03b1\u03b9\u03bf\u03ba\u03b1\u03bb\u03bb\u03b9\u03ad\u03c1\u03b3\u03b5\u03b9\u03b1\u03c2, \u03bf\u03c1\u03b5\u03b9\u03bd\u03ae \u03ba\u03b1\u03bb\u03bb\u03b9\u03ad\u03c1\u03b3\u03b5\u03b9\u03b1, \u03ba\u03b1\u03c1\u03c0\u03bf\u03cd\u03c2 \u0395\u03bb\u03b9\u03ac\u03c2\" width=\"500\" height=\"38\" \/><\/p>\n<\/div>\n<\/div><\/div><\/div><\/div><div id=\"pg-24-1\"  class=\"panel-grid panel-has-style\" ><div class=\"panel-row-style panel-row-style-for-24-1\" ><div id=\"pgc-24-1-0\"  class=\"panel-grid-cell\" ><div id=\"panel-24-1-0-0\" class=\"so-panel widget widget_sow-editor panel-first-child panel-last-child\" data-index=\"1\" ><div class=\"so-widget-sow-editor so-widget-sow-editor-base\">\n<div class=\"siteorigin-widget-tinymce textwidget\">\n\t<p style=\"text-align: justify;\"><strong>Lakonien ist zum meisten Teil gebirgig und h\u00fcgelig. Der gr\u00f6\u00dfte Teil davon wird von zwei bewaldeten Bergketten, Taygetos und Parnon besetzt. Taygetos befindet sich auf der Grenze zum Bezirk Messenien, w\u00e4hrend Parnon bildet seine nord\u00f6stliche Grenze. Diese beiden Berge bilden einen Bruch und der Tal von Evrotas ist zwischen ihnen. In seinem schmalen Teil stammt er von Sparta und endet breiter im Lakonischen Golf. Die K\u00fcste, einschlie\u00dflich der Ostk\u00fcste von Messinien Golf, des Lakonien Golf und der Ostk\u00fcste vom Myrtoischen Meer, bildet die Buchten. Das Klima ist mediterran, mit milden Wintern auf den Ebenen und mit h\u00e4rteren in den Bergen. In den K\u00fcstengebieten, ist der Niederschlag niedrig und erh\u00f6ht sich, wenn man sich nach Norden bewegt. Im inneren Teil von Lakonien ist das Klima kontinental, mit Regen und Schnee im Winter und Hitze im Sommer. Die Olivenb\u00e4ume, die hier wachsen und in diesem Klima standhalten k\u00f6nnen, sind Athinolia und Koroneiki. Die Region verf\u00fcgt \u00fcber 14 Millionen Olivenb\u00e4ume, und die Familien, die an der Herstellung von Oliven beteiligt werden, sind 16.000. Die Tafeloliven, die hier angebaut werden, sind 100% Kalamon - Oliven<\/strong><\/p>\n<\/div>\n<\/div><\/div><\/div><\/div><\/div><div id=\"pg-24-2\"  class=\"panel-grid panel-has-style\" ><div class=\"panel-row-style panel-row-style-for-24-2\" ><div id=\"pgc-24-2-0\"  class=\"panel-grid-cell\" ><div id=\"panel-24-2-0-0\" class=\"so-panel widget widget_sow-editor panel-first-child panel-last-child\" data-index=\"2\" ><div class=\"so-widget-sow-editor so-widget-sow-editor-base\">\n<div class=\"siteorigin-widget-tinymce textwidget\">\n\t<p style=\"text-align: justify;\"><strong>Auf 950.000 Hektar Olivenplantagen von lakonischem Boden befinden sich mehr als 14 Millionen B\u00e4ume. Unter ihnen sind die mehrj\u00e4hrigen B\u00e4ume Mourtolia, wie sie in diesem Bezirk genannt sind, die sehr selten sind und f\u00fcr die Verwendung f\u00fcr medizinische Zwecke angegeben werden. Der Anbau in den Bergen macht k\u00fcnstliche Bew\u00e4sserung von B\u00e4umen unm\u00f6glich. Dies bewirkt, dass die Wurzeln tief in die Erde eindringen um einen besseren Halt zu bekommen, zu \u00fcberleben, und die n\u00f6tigen Zutaten zu sammeln, die der Frucht des Olivenbaums solche spezifischen Eigenschaften versichern, die sie einzigartig und konkurenzlos in der Welt machen<\/strong><\/p>\n<\/div>\n<\/div><\/div><\/div><\/div><\/div><\/div>","protected":false},"excerpt":{"rendered":"<p>Skoura in Lakonien, Sparta, mediterranes Klima, Olivenplantagen, Berglandwirtschaft, Olivenfr\u00fcchte Lakonien, die ewige Sch\u00f6nheit! Lakonien ist zum meisten Teil gebirgig und h\u00fcgelig. Der gr\u00f6\u00dfte Teil davon wird von zwei bewaldeten Bergketten, Taygetos und Parnon besetzt. Taygetos befindet sich auf der Grenze<\/p>\n","protected":false},"author":1,"featured_media":0,"parent":20,"menu_order":2,"comment_status":"closed","ping_status":"open","template":"","meta":{"om_disable_all_campaigns":false,"_mi_skip_tracking":false},"aioseo_notices":[],"_links":{"self":[{"href":"https:\/\/kalamatasolives.com\/de\/wp-json\/wp\/v2\/pages\/24"}],"collection":[{"href":"https:\/\/kalamatasolives.com\/de\/wp-json\/wp\/v2\/pages"}],"about":[{"href":"https:\/\/kalamatasolives.com\/de\/wp-json\/wp\/v2\/types\/page"}],"author":[{"embeddable":true,"href":"https:\/\/kalamatasolives.com\/de\/wp-json\/wp\/v2\/users\/1"}],"replies":[{"embeddable":true,"href":"https:\/\/kalamatasolives.com\/de\/wp-json\/wp\/v2\/comments?post=24"}],"version-history":[{"count":9,"href":"https:\/\/kalamatasolives.com\/de\/wp-json\/wp\/v2\/pages\/24\/revisions"}],"predecessor-version":[{"id":341,"href":"https:\/\/kalamatasolives.com\/de\/wp-json\/wp\/v2\/pages\/24\/revisions\/341"}],"up":[{"embeddable":true,"href":"https:\/\/kalamatasolives.com\/de\/wp-json\/wp\/v2\/pages\/20"}],"wp:attachment":[{"href":"https:\/\/kalamatasolives.com\/de\/wp-json\/wp\/v2\/media?parent=24"}],"curies":[{"name":"wp","href":"https:\/\/api.w.org\/{rel}","templated":true}]}}