{"id":26,"date":"2017-02-06T21:23:02","date_gmt":"2017-02-06T19:23:02","guid":{"rendered":"http:\/\/kalamatasolives.com\/de\/?page_id=26"},"modified":"2017-10-12T17:30:36","modified_gmt":"2017-10-12T14:30:36","slug":"faq","status":"publish","type":"page","link":"https:\/\/kalamatasolives.com\/de\/olive\/faq\/","title":{"rendered":"FAQ"},"content":{"rendered":"<div id=\"pl-26\"  class=\"panel-layout\" ><div id=\"pg-26-0\"  class=\"panel-grid panel-has-style\" ><div class=\"panel-row-style panel-row-style-for-26-0\" ><div id=\"pgc-26-0-0\"  class=\"panel-grid-cell\" ><div id=\"panel-26-0-0-0\" class=\"so-panel widget widget_sow-editor panel-first-child panel-last-child\" data-index=\"0\" ><div class=\"panel-widget-style panel-widget-style-for-26-0-0-0\" ><div class=\"so-widget-sow-editor so-widget-sow-editor-base\"><h3 class=\"widget-title\">Kalamon \u2013 Oliven?<\/h3>\n<div class=\"siteorigin-widget-tinymce textwidget\">\n\t<p><span class=\"keyw_p\">FAQ, Kalamon \u2013 Oliven, N\u00e4hrwert, Cholesterin, Herzerkrankungen, Klima<\/span><\/p>\n<p style=\"text-align: justify;\"><strong>Die bergige Herkunft, der Mangel an Bew\u00e4sserung, das Klima und die geografische Lage (Skoura in Lakonien) geben uns die echten KALAMON - Oliven, so uns die Natur bietet!<\/strong><\/p>\n<\/div>\n<\/div><\/div><\/div><\/div><\/div><\/div><div id=\"pg-26-1\"  class=\"panel-grid panel-has-style\" ><div class=\"panel-row-style panel-row-style-for-26-1\" ><div id=\"pgc-26-1-0\"  class=\"panel-grid-cell\" ><div id=\"panel-26-1-0-0\" class=\"so-panel widget widget_sow-editor panel-first-child panel-last-child\" data-index=\"1\" ><div class=\"panel-widget-style panel-widget-style-for-26-1-0-0\" ><div class=\"so-widget-sow-editor so-widget-sow-editor-base\"><h3 class=\"widget-title\">Wie hoch ist der N\u00e4hrwert von Oliven? <\/h3>\n<div class=\"siteorigin-widget-tinymce textwidget\">\n\t<p style=\"text-align: justify;\"><strong>Die Oliven sind feines Essen. Die Oliven bilden eine komplette Nahrung und sind eine wichtige Erg\u00e4nzung zu jedem Tisch, die gro\u00dfz\u00fcgig die Gesundheit und die Langlebigkeit bietet. Die Untersuchungen \u00fcber den N\u00e4hrwert von essbaren Oliven, best\u00e4tigen ihre positive Wirkung auf die menschliche Gesundheit<\/strong><\/p>\n<\/div>\n<\/div><\/div><\/div><\/div><\/div><\/div><div id=\"pg-26-2\"  class=\"panel-grid panel-has-style\" ><div class=\"panel-row-style panel-row-style-for-26-2\" ><div id=\"pgc-26-2-0\"  class=\"panel-grid-cell\" ><div id=\"panel-26-2-0-0\" class=\"so-panel widget widget_sow-editor panel-first-child panel-last-child\" data-index=\"2\" ><div class=\"panel-widget-style panel-widget-style-for-26-2-0-0\" ><div class=\"so-widget-sow-editor so-widget-sow-editor-base\"><h3 class=\"widget-title\">Kann der Konsum von Kalamon - Oliven den Cholesterinspiegel senken? <\/h3>\n<div class=\"siteorigin-widget-tinymce textwidget\">\n\t<p style=\"text-align: justify;\"><strong>Die Fr\u00fcchte des Olivenbaums sind eine wunderbare Quelle von einfach unges\u00e4ttigten Fetts\u00e4uren, die  den sch\u00e4dlichen LDL-Cholesterinspiegel senken, die Niveaus von HDL-Cholesterin beg\u00fcnstigen und die Arterien sch\u00fctzen. Sie enthalten etwa 73% einfach unges\u00e4ttigte Fetts\u00e4uren, 12% unges\u00e4ttige, 15% ges\u00e4ttigte (insgesamt enthalten 16-30% Fett)<\/strong><\/p>\n<\/div>\n<\/div><\/div><\/div><\/div><\/div><\/div><div id=\"pg-26-3\"  class=\"panel-grid panel-has-style\" ><div class=\"panel-row-style panel-row-style-for-26-3\" ><div id=\"pgc-26-3-0\"  class=\"panel-grid-cell\" ><div id=\"panel-26-3-0-0\" class=\"so-panel widget widget_sow-editor panel-first-child panel-last-child\" data-index=\"3\" ><div class=\"panel-widget-style panel-widget-style-for-26-3-0-0\" ><div class=\"so-widget-sow-editor so-widget-sow-editor-base\"><h3 class=\"widget-title\">Wie wirken die Kalamon - Oliven auf menschlichen K\u00f6rper?<\/h3>\n<div class=\"siteorigin-widget-tinymce textwidget\">\n\t<p style=\"text-align: justify;\"><strong>Die Oliven enthalten 1,5 - 2,0% Protein, 1,0 bis 1,3% Mineralstoffe und 4-13% Extrakt von stickstofffrei Stoffe. Die unbehandelten Oliven sind sehr reich an Kalium, Calcium, Phosphor und Magnesium, sowie Mangan, Eisen, Natrium und Kupfer<\/strong><\/p>\n<p style=\"text-align: justify;\"><strong>Die Olive liefert Faser- und Mineralstoffe in den K\u00f6rper und ist eine Quelle von Vitamin E, das ein nat\u00fcrliches Antioxidationsmittel ist. Sie ist nun als pr\u00e4ventive Ma\u00dfnahme f\u00fcr Krankheiten wie Atherosklerose, Herz-Kreislauferkrankungen, Leberfunktionsst\u00f6rungen und Erkrankungen des Nervensystems bekannt. Es wird ferner angenommen, dass Vitamin E den Abbau der Zellmembranen verlangsamt und die Osteoporose bek\u00e4mpft<\/strong><\/p>\n<\/div>\n<\/div><\/div><\/div><\/div><\/div><\/div><div id=\"pg-26-4\"  class=\"panel-grid panel-has-style\" ><div class=\"panel-row-style panel-row-style-for-26-4\" ><div id=\"pgc-26-4-0\"  class=\"panel-grid-cell\" ><div id=\"panel-26-4-0-0\" class=\"so-panel widget widget_sow-editor panel-first-child panel-last-child\" data-index=\"4\" ><div class=\"panel-widget-style panel-widget-style-for-26-4-0-0\" ><div class=\"so-widget-sow-editor so-widget-sow-editor-base\"><h3 class=\"widget-title\">Was ist der Beitrag der Oliven bei der Pr\u00e4vention von Herzerkrankungen ?<\/h3>\n<div class=\"siteorigin-widget-tinymce textwidget\">\n\t<p style=\"text-align: justify;\">\u00a0<strong>In den Mittelmeerl\u00e4ndern mit hoher Aufnahme von Oliven und Oliven\u00f6l die Zahl von Herzproblemen ist im Vergleich zu den L\u00e4ndern mit unterschiedlichen Essgewohnheiten erheblich beschr\u00e4nkt<\/strong><\/p>\n<\/div>\n<\/div><\/div><\/div><\/div><\/div><\/div><div id=\"pg-26-5\"  class=\"panel-grid panel-has-style\" ><div class=\"panel-row-style panel-row-style-for-26-5\" ><div id=\"pgc-26-5-0\"  class=\"panel-grid-cell\" ><div id=\"panel-26-5-0-0\" class=\"so-panel widget widget_sow-editor panel-first-child panel-last-child\" data-index=\"5\" ><div class=\"panel-widget-style panel-widget-style-for-26-5-0-0\" ><div class=\"so-widget-sow-editor so-widget-sow-editor-base\"><h3 class=\"widget-title\">Machen Oliven dick? <\/h3>\n<div class=\"siteorigin-widget-tinymce textwidget\">\n\t<p><strong>Indikative Kalorien von Oliven sind wie folgt:<\/strong><\/p>\n<p style=\"text-align: center;\"><strong>- Schwarze Oliven 118cal \/ 100gr & Gr\u00fcne Oliven 97cal \/ 100gr -<\/strong><\/p>\n<\/div>\n<\/div><\/div><\/div><\/div><\/div><\/div><div id=\"pg-26-6\"  class=\"panel-grid panel-has-style\" ><div class=\"panel-row-style panel-row-style-for-26-6\" ><div id=\"pgc-26-6-0\"  class=\"panel-grid-cell\" ><div id=\"panel-26-6-0-0\" class=\"so-panel widget widget_sow-editor panel-first-child panel-last-child\" data-index=\"6\" ><div class=\"panel-widget-style panel-widget-style-for-26-6-0-0\" ><div class=\"so-widget-sow-editor so-widget-sow-editor-base\"><h3 class=\"widget-title\">Was ist das ideale Klima und wo die Kalamon - Oliven angebaut werden?<\/h3>\n<div class=\"siteorigin-widget-tinymce textwidget\">\n\t<p><strong>Das Klima in Lakonien ist mediterran, mit milden Wintern auf den Ebenen und mit h\u00e4rteren in den Bergen. Der Niederschlag ist niedrig in den K\u00fcstengebieten und erh\u00f6ht sich, wenn man sich nach Norden bewegt. Im inneren Teil von Lakonien ist das Klima kontinental, mit Regen und Schnee im Winter und Hitze im Sommer. Die Olivenb\u00e4ume, die hier wachsen und standhalten k\u00f6nnen, sind Athinolia, Asprolia und Koroneiki. Die Region verf\u00fcgt \u00fcber 13 Millionen Olivenb\u00e4ume, und die Familien die an der Herstellung von Oliven beteiligt werden, sind 16.000. Die Tafeloliven, die hier angebaut werden, sind 100% Kalamon - Oliven<\/strong><\/p>\n<\/div>\n<\/div><\/div><\/div><\/div><\/div><\/div><div id=\"pg-26-7\"  class=\"panel-grid panel-has-style\" ><div class=\"panel-row-style panel-row-style-for-26-7\" ><div id=\"pgc-26-7-0\"  class=\"panel-grid-cell\" ><div id=\"panel-26-7-0-0\" class=\"so-panel widget widget_sow-editor panel-first-child panel-last-child\" data-index=\"7\" ><div class=\"panel-widget-style panel-widget-style-for-26-7-0-0\" ><div class=\"so-widget-sow-editor so-widget-sow-editor-base\"><h3 class=\"widget-title\">Aus welchen Gr\u00fcnden geben die Ernte Kalamon - Oliven?<\/h3>\n<div class=\"siteorigin-widget-tinymce textwidget\">\n\t<p><strong>Der Olivenbaum w\u00e4chst in jedem Boden, auch im kargen und steinigen. Er ist jedoch viel besser fruiting in den relativ fruchtbaren B\u00f6den, die die ausreichende Feuchtigkeit halten kann. Er leidet ernsthaft in schweren B\u00f6den voll Wasser. Er bevorzugt neutrale oder leicht alkalische Reaktion (pH 7-8) von Boden, kann aber und leicht sauren B\u00f6den standhalten. Er hat eine relativ gute Best\u00e4ndigkeit gegen\u00fcber Bodenversalzung.<\/strong><\/p>\n<\/div>\n<\/div><\/div><\/div><\/div><\/div><\/div><div id=\"pg-26-8\"  class=\"panel-grid panel-has-style\" ><div class=\"panel-row-style panel-row-style-for-26-8\" ><div id=\"pgc-26-8-0\"  class=\"panel-grid-cell\" ><div id=\"panel-26-8-0-0\" class=\"so-panel widget widget_sow-editor panel-first-child panel-last-child\" data-index=\"8\" ><div class=\"panel-widget-style panel-widget-style-for-26-8-0-0\" ><div class=\"so-widget-sow-editor so-widget-sow-editor-base\"><h3 class=\"widget-title\">Welche Oliven sind geeignet?<\/h3>\n<div class=\"siteorigin-widget-tinymce textwidget\">\n\t<p style=\"text-align: justify;\"><strong>Die Eignung von jeglicher Sorte f\u00fcr die Herstellung von Tafeloliven h\u00e4ngt davon ab, ob sie in der Lage ist die Fr\u00fcchte mit bestimmten Eigenschaften zu erzeugen. Von besonderer Bedeutung sind die folgenden Eigenschaften:<\/strong><\/p>\n<ul style=\"list-style-type: disc;\">\n<li style=\"text-align: justify;\"><strong>Das Gewichtsverh\u00e4ltnis von Zellstoff zu dem Gewicht des Steines der Olivenfrucht<\/strong><\/li>\n<li style=\"text-align: justify;\"><strong>Der erh\u00f6hte Zuckergehalt in der Olivenfrucht<\/strong><\/li>\n<li style=\"text-align: justify;\"><strong>Einfache Verarbeitung von Oliven (die Erhaltung von einer einheitlichen Farbe und leichter Bitterkeit)<\/strong><\/li>\n<li style=\"text-align: justify;\"><strong>Die einheitliche und gew\u00fcnschte Gr\u00f6\u00dfe der Olivenfrucht<\/strong><\/li>\n<li style=\"text-align: justify;\"><strong>Die gew\u00fcnschte Farbe der Olivenfrucht<\/strong><\/li>\n<li style=\"text-align: justify;\"><strong>Die d\u00fcnne Haut (Schale) der Olivenfrucht<\/strong><\/li>\n<\/ul>\n<\/div>\n<\/div><\/div><\/div><\/div><\/div><\/div><\/div>","protected":false},"excerpt":{"rendered":"<p>FAQ, Kalamon \u2013 Oliven, N\u00e4hrwert, Cholesterin, Herzerkrankungen, Klima Die bergige Herkunft, der Mangel an Bew\u00e4sserung, das Klima und die geografische Lage (Skoura in Lakonien) geben uns die echten KALAMON &#8211; Oliven, so uns die Natur bietet! Die Oliven sind feines<\/p>\n","protected":false},"author":1,"featured_media":0,"parent":20,"menu_order":0,"comment_status":"closed","ping_status":"open","template":"","meta":{"om_disable_all_campaigns":false,"_mi_skip_tracking":false},"aioseo_notices":[],"_links":{"self":[{"href":"https:\/\/kalamatasolives.com\/de\/wp-json\/wp\/v2\/pages\/26"}],"collection":[{"href":"https:\/\/kalamatasolives.com\/de\/wp-json\/wp\/v2\/pages"}],"about":[{"href":"https:\/\/kalamatasolives.com\/de\/wp-json\/wp\/v2\/types\/page"}],"author":[{"embeddable":true,"href":"https:\/\/kalamatasolives.com\/de\/wp-json\/wp\/v2\/users\/1"}],"replies":[{"embeddable":true,"href":"https:\/\/kalamatasolives.com\/de\/wp-json\/wp\/v2\/comments?post=26"}],"version-history":[{"count":8,"href":"https:\/\/kalamatasolives.com\/de\/wp-json\/wp\/v2\/pages\/26\/revisions"}],"predecessor-version":[{"id":338,"href":"https:\/\/kalamatasolives.com\/de\/wp-json\/wp\/v2\/pages\/26\/revisions\/338"}],"up":[{"embeddable":true,"href":"https:\/\/kalamatasolives.com\/de\/wp-json\/wp\/v2\/pages\/20"}],"wp:attachment":[{"href":"https:\/\/kalamatasolives.com\/de\/wp-json\/wp\/v2\/media?parent=26"}],"curies":[{"name":"wp","href":"https:\/\/api.w.org\/{rel}","templated":true}]}}