{"id":30,"date":"2017-02-06T21:28:22","date_gmt":"2017-02-06T19:28:22","guid":{"rendered":"http:\/\/kalamatasolives.com\/de\/?page_id=30"},"modified":"2018-12-24T18:29:21","modified_gmt":"2018-12-24T16:29:21","slug":"ihr-kontakt-zu-uns","status":"publish","type":"page","link":"https:\/\/kalamatasolives.com\/de\/ihr-kontakt-zu-uns\/","title":{"rendered":"Ihr Kontakt zu uns"},"content":{"rendered":"<div id=\"pl-30\"  class=\"panel-layout\" ><div id=\"pg-30-0\"  class=\"panel-grid panel-has-style\" ><div class=\"panel-row-style panel-row-style-for-30-0\" ><div id=\"pgc-30-0-0\"  class=\"panel-grid-cell\" ><div id=\"panel-30-0-0-0\" class=\"so-panel widget widget_sow-editor panel-first-child panel-last-child\" data-index=\"0\" ><div class=\"so-widget-sow-editor so-widget-sow-editor-base\">\n<div class=\"siteorigin-widget-tinymce textwidget\">\n\t<p><span class=\"keyw_p\">Ihr Kontakt zu uns, Karte, E-mail senden, Adresse, Telefone, Email, Kalamon- Oliven Produkte<\/span><\/p>\n<h2 style=\"text-align: center;\">Kontaktinformationen<\/h2>\n<p style=\"text-align: center;\"><strong>F\u00fcr Informationen zu unseren Produkten kontaktieren Sie uns bitte unter den unten<br \/>\naufgef\u00fchrten Details:<br \/>\n<\/strong><\/p>\n<\/div>\n<\/div><\/div><\/div><\/div><\/div><div id=\"pg-30-1\"  class=\"panel-grid panel-has-style\" ><div class=\"panel-row-style panel-row-style-for-30-1\" ><div id=\"pgc-30-1-0\"  class=\"panel-grid-cell\" ><div id=\"panel-30-1-0-0\" class=\"so-panel widget widget_sow-editor panel-first-child panel-last-child\" data-index=\"1\" ><div class=\"panel-widget-style panel-widget-style-for-30-1-0-0\" ><div class=\"so-widget-sow-editor so-widget-sow-editor-base\">\n<div class=\"siteorigin-widget-tinymce textwidget\">\n\t<p style=\"text-align: justify;\"><strong>Athen B\u00fcro Adresse:<\/strong><\/p>\n<p style=\"text-align: justify;\"><strong>Vasileos Georgiou B' 49<\/strong><\/p>\n<p style=\"text-align: justify;\"><strong>Postleitzahl: 19002<\/strong><\/p>\n<p style=\"text-align: justify;\"><strong>Peania, Attika, Griechenland<\/strong><\/p>\n<p style=\"text-align: justify;\"><strong>Produktion: <\/strong><\/p>\n<p style=\"text-align: justify;\"><strong>23 100 Skoura Lakonia<\/strong><\/p>\n<\/div>\n<\/div><\/div><\/div><\/div><div id=\"pgc-30-1-1\"  class=\"panel-grid-cell\" ><div id=\"panel-30-1-1-0\" class=\"so-panel widget widget_sow-editor panel-first-child panel-last-child\" data-index=\"2\" ><div class=\"panel-widget-style panel-widget-style-for-30-1-1-0\" ><div class=\"so-widget-sow-editor so-widget-sow-editor-base\">\n<div class=\"siteorigin-widget-tinymce textwidget\">\n\t<p style=\"text-align: justify;\"><strong>Tel.: +30 2102318034<\/strong><\/p>\n<p style=\"text-align: justify;\"><strong>Fax: +30 2102389631<\/strong><\/p>\n<p style=\"text-align: justify;\"><strong>Mob 1: +30 6981000909<\/strong><\/p>\n<p style=\"text-align: justify;\"><strong>Mob 2: +30 6979791036<\/strong><\/p>\n<p style=\"text-align: justify;\"><strong>Emails:<\/strong><\/p>\n<p style=\"text-align: justify;\"><strong><a href=\"mailto:info@kalamatasolives.com?Subject=application\" target=\"_top\">info@kalamatasolives.com<\/a><\/strong><\/p>\n<\/div>\n<\/div><\/div><\/div><\/div><\/div><\/div><div id=\"pg-30-2\"  class=\"panel-grid panel-has-style\" ><div class=\"panel-row-style panel-row-style-for-30-2\" ><div id=\"pgc-30-2-0\"  class=\"panel-grid-cell\" ><div id=\"panel-30-2-0-0\" class=\"so-panel widget widget_sow-editor panel-first-child panel-last-child\" data-index=\"3\" ><div class=\"img_custom_shadow_2 panel-widget-style panel-widget-style-for-30-2-0-0\" ><div class=\"so-widget-sow-editor so-widget-sow-editor-base\">\n<div class=\"siteorigin-widget-tinymce textwidget\">\n\t<!-- Widget Shortcode --><div id=\"sow-google-map-2\" class=\"widget widget_sow-google-map widget-shortcode area-arbitrary \"><div class=\"so-widget-sow-google-map so-widget-sow-google-map-default-3abf1edc6461\">\n<div class=\"sow-google-map-canvas\"\n\tstyle=\"\"\n\tid=\"map-canvas-1c4d9b6d7e2a4850c09b360b769e2640\"\n\tdata-options=\"{&quot;address&quot;:&quot;37.952084, 23.858637&quot;,&quot;zoom&quot;:15,&quot;mobileZoom&quot;:15,&quot;gestureHandling&quot;:&quot;cooperative&quot;,&quot;disableUi&quot;:false,&quot;keepCentered&quot;:true,&quot;markerIcon&quot;:&quot;&quot;,&quot;markersDraggable&quot;:false,&quot;markerAtCenter&quot;:true,&quot;markerInfoDisplay&quot;:&quot;click&quot;,&quot;markerInfoMultiple&quot;:true,&quot;markerPositions&quot;:&quot;&quot;,&quot;mapName&quot;:&quot;&quot;,&quot;mapStyles&quot;:&quot;&quot;,&quot;directions&quot;:&quot;&quot;,&quot;apiKey&quot;:&quot;AIzaSyA5cAVP4PSqxTG8ADMpDgn-hDp9TkshDVQ&quot;,&quot;breakpoint&quot;:780}\"\n\tdata-fallback-image=\"{&quot;img&quot;:&quot;&quot;}\"><\/div>\n<\/div><\/div><!-- \/Widget Shortcode -->\n<\/div>\n<\/div><\/div><\/div><\/div><\/div><\/div><div id=\"pg-30-3\"  class=\"panel-grid panel-has-style\" ><div class=\"panel-row-style panel-row-style-for-30-3\" ><div id=\"pgc-30-3-0\"  class=\"panel-grid-cell\" ><div id=\"panel-30-3-0-0\" class=\"so-panel widget widget_sow-editor panel-first-child panel-last-child\" data-index=\"4\" ><div class=\"so-widget-sow-editor so-widget-sow-editor-base\">\n<div class=\"siteorigin-widget-tinymce textwidget\">\n\t<hr \/><p>\u00a0<\/p><\/div>\n<\/div><\/div><\/div><\/div><\/div><div id=\"pg-30-4\"  class=\"panel-grid panel-has-style\" ><div class=\"panel-row-style panel-row-style-for-30-4\" ><div id=\"pgc-30-4-0\"  class=\"panel-grid-cell\" ><div id=\"panel-30-4-0-0\" class=\"so-panel widget widget_sow-editor panel-first-child panel-last-child\" data-index=\"5\" ><div class=\"so-widget-sow-editor so-widget-sow-editor-base\">\n<div class=\"siteorigin-widget-tinymce textwidget\">\n\t<p style=\"text-align: left;\"><strong>Senden Sie uns Ihre Anfrage via Online-Formular:<\/strong><br \/>\n<div role=\"form\" class=\"wpcf7\" id=\"wpcf7-f92-o1\" lang=\"en-US\" dir=\"ltr\">\n<div class=\"screen-reader-response\"><p role=\"status\" aria-live=\"polite\" aria-atomic=\"true\"><\/p> <ul><\/ul><\/div>\n<form action=\"\/de\/wp-json\/wp\/v2\/pages\/30#wpcf7-f92-o1\" method=\"post\" class=\"wpcf7-form init\" novalidate=\"novalidate\" data-status=\"init\">\n<div style=\"display: none;\">\n<input type=\"hidden\" name=\"_wpcf7\" value=\"92\" \/>\n<input type=\"hidden\" name=\"_wpcf7_version\" value=\"5.3\" \/>\n<input type=\"hidden\" name=\"_wpcf7_locale\" value=\"en_US\" \/>\n<input type=\"hidden\" name=\"_wpcf7_unit_tag\" value=\"wpcf7-f92-o1\" \/>\n<input type=\"hidden\" name=\"_wpcf7_container_post\" value=\"0\" \/>\n<input type=\"hidden\" name=\"_wpcf7_posted_data_hash\" value=\"\" \/>\n<input type=\"hidden\" name=\"_wpcf7_recaptcha_response\" value=\"\" \/>\n<\/div>\n<p><label> Name (ben\u00f6tigt)<br \/>\n    <span class=\"wpcf7-form-control-wrap your-name\"><input type=\"text\" name=\"your-name\" value=\"\" size=\"40\" class=\"wpcf7-form-control wpcf7-text wpcf7-validates-as-required\" aria-required=\"true\" aria-invalid=\"false\" \/><\/span> <\/label><\/p>\n<p><label> Email (ben\u00f6tigt)<br \/>\n    <span class=\"wpcf7-form-control-wrap your-email\"><input type=\"email\" name=\"your-email\" value=\"\" size=\"40\" class=\"wpcf7-form-control wpcf7-text wpcf7-email wpcf7-validates-as-required wpcf7-validates-as-email\" aria-required=\"true\" aria-invalid=\"false\" \/><\/span> <\/label><\/p>\n<p><label> Betreff<br \/>\n    <span class=\"wpcf7-form-control-wrap your-subject\"><input type=\"text\" name=\"your-subject\" value=\"\" size=\"40\" class=\"wpcf7-form-control wpcf7-text\" aria-invalid=\"false\" \/><\/span> <\/label><\/p>\n<p><label> Nachricht<br \/>\n    <span class=\"wpcf7-form-control-wrap your-message\"><textarea name=\"your-message\" cols=\"40\" rows=\"10\" class=\"wpcf7-form-control wpcf7-textarea\" aria-invalid=\"false\"><\/textarea><\/span> <\/label><\/p>\n<p><input type=\"submit\" value=\"Senden\" class=\"wpcf7-form-control wpcf7-submit\" \/><\/p>\n<div class=\"wpcf7-response-output\" aria-hidden=\"true\"><\/div><\/form><\/div><\/p>\n<\/div>\n<\/div><\/div><\/div><\/div><\/div><\/div>","protected":false},"excerpt":{"rendered":"<p>Ihr Kontakt zu uns, Karte, E-mail senden, Adresse, Telefone, Email, Kalamon- Oliven Produkte Kontaktinformationen F\u00fcr Informationen zu unseren Produkten kontaktieren Sie uns bitte unter den unten aufgef\u00fchrten Details: Athen B\u00fcro Adresse: Vasileos Georgiou B&#8217; 49 Postleitzahl: 19002 Peania, Attika, Griechenland<\/p>\n","protected":false},"author":1,"featured_media":0,"parent":0,"menu_order":6,"comment_status":"closed","ping_status":"open","template":"page-templates\/contact.php","meta":{"om_disable_all_campaigns":false,"_mi_skip_tracking":false},"aioseo_notices":[],"_links":{"self":[{"href":"https:\/\/kalamatasolives.com\/de\/wp-json\/wp\/v2\/pages\/30"}],"collection":[{"href":"https:\/\/kalamatasolives.com\/de\/wp-json\/wp\/v2\/pages"}],"about":[{"href":"https:\/\/kalamatasolives.com\/de\/wp-json\/wp\/v2\/types\/page"}],"author":[{"embeddable":true,"href":"https:\/\/kalamatasolives.com\/de\/wp-json\/wp\/v2\/users\/1"}],"replies":[{"embeddable":true,"href":"https:\/\/kalamatasolives.com\/de\/wp-json\/wp\/v2\/comments?post=30"}],"version-history":[{"count":17,"href":"https:\/\/kalamatasolives.com\/de\/wp-json\/wp\/v2\/pages\/30\/revisions"}],"predecessor-version":[{"id":374,"href":"https:\/\/kalamatasolives.com\/de\/wp-json\/wp\/v2\/pages\/30\/revisions\/374"}],"wp:attachment":[{"href":"https:\/\/kalamatasolives.com\/de\/wp-json\/wp\/v2\/media?parent=30"}],"curies":[{"name":"wp","href":"https:\/\/api.w.org\/{rel}","templated":true}]}}