{"id":8,"date":"2017-02-06T21:04:33","date_gmt":"2017-02-06T19:04:33","guid":{"rendered":"http:\/\/kalamatasolives.com\/de\/?page_id=8"},"modified":"2018-12-24T18:50:20","modified_gmt":"2018-12-24T16:50:20","slug":"unternehmen","status":"publish","type":"page","link":"https:\/\/kalamatasolives.com\/de\/unternehmen\/","title":{"rendered":"Unternehmen"},"content":{"rendered":"<div id=\"pl-8\"  class=\"panel-layout\" ><div id=\"pg-8-0\"  class=\"panel-grid panel-no-style\" ><div id=\"pgc-8-0-0\"  class=\"panel-grid-cell\" ><div id=\"panel-8-0-0-0\" class=\"so-panel widget widget_sow-editor panel-first-child panel-last-child\" data-index=\"0\" ><div class=\"so-widget-sow-editor so-widget-sow-editor-base\">\n<div class=\"siteorigin-widget-tinymce textwidget\">\n\t<p><span class=\"keyw_p\">Unternehmen, Herstellung, Standardisierung, Kalamata - Oliven, Skoura in Lakonien, Sparta, Unternehmensgel\u00e4nde, Exporte<\/span><\/p>\n<h2 style=\"text-align: center;\">Unternehmensprofil<\/h2>\n<p><img loading=\"lazy\" class=\"aligncenter size-full wp-image-100\" src=\"http:\/\/kalamatasolives.com\/el\/wp-content\/uploads\/sites\/2\/2016\/11\/line_decorative_500x38.png\" alt=\"\u0394\u03b9\u03b1\u03ba\u03bf\u03c3\u03bc\u03b7\u03c4\u03b9\u03ba\u03ae \u0393\u03c1\u03b1\u03bc\u03bc\u03ae \u03a0\u03b5\u03c1\u03b9\u03b5\u03c7\u03bf\u03bc\u03ad\u03bd\u03bf\u03c5 \u0399\u03c3\u03c4\u03cc\u03c4\u03bf\u03c0\u03bf\u03c5 \u0395\u03bb\u03b9\u03ad\u03c2 \u039a\u03b1\u03bb\u03b1\u03bc\u03ac\u03c4\u03b1\u03c2\" width=\"500\" height=\"38\" \/><\/p>\n<\/div>\n<\/div><\/div><\/div><\/div><div id=\"pg-8-1\"  class=\"panel-grid panel-no-style\" ><div id=\"pgc-8-1-0\"  class=\"panel-grid-cell\" ><div id=\"panel-8-1-0-0\" class=\"so-panel widget widget_sow-editor panel-first-child panel-last-child\" data-index=\"1\" ><div class=\"panel-widget-style panel-widget-style-for-8-1-0-0\" ><div class=\"so-widget-sow-editor so-widget-sow-editor-base\">\n<div class=\"siteorigin-widget-tinymce textwidget\">\n\t<p style=\"text-align: justify;\"><strong>Seit 1930 bis heute unser Unternehmen beschaftigt sich mit der Herstellung und der Standardisierung von weltber\u00fchmten Kalamon - Oliven. Wir haben in unserem Bezitz vertikale Produktionseinheit in Skoura, in Lakonien. Unsere Olivenhainen liegen in der bergigen Sparta, wo vor vielen Jahren der Anbau von Oliven begann<\/strong><\/p>\n<\/div>\n<\/div><\/div><\/div><\/div><\/div><div id=\"pg-8-2\"  class=\"panel-grid panel-has-style\" ><div class=\"panel-row-style panel-row-style-for-8-2\" ><div id=\"pgc-8-2-0\"  class=\"panel-grid-cell\" ><div id=\"panel-8-2-0-0\" class=\"so-panel widget widget_sow-image panel-first-child panel-last-child\" data-index=\"2\" ><div class=\"panel-widget-style panel-widget-style-for-8-2-0-0\" ><div class=\"so-widget-sow-image so-widget-sow-image-default-17bc2272b535\">\n\n<div class=\"sow-image-container\">\n\t<img src=\"https:\/\/kalamatasolives.com\/de\/wp-content\/uploads\/sites\/6\/2017\/03\/facilities5-300x200.png\" width=\"300\" height=\"200\" srcset=\"https:\/\/kalamatasolives.com\/de\/wp-content\/uploads\/sites\/6\/2017\/03\/facilities5-300x200.png 300w, https:\/\/kalamatasolives.com\/de\/wp-content\/uploads\/sites\/6\/2017\/03\/facilities5-600x400.png 600w, https:\/\/kalamatasolives.com\/de\/wp-content\/uploads\/sites\/6\/2017\/03\/facilities5-272x182.png 272w, https:\/\/kalamatasolives.com\/de\/wp-content\/uploads\/sites\/6\/2017\/03\/facilities5.png 678w\" sizes=\"(max-width: 300px) 100vw, 300px\" title=\"Unternehmensgel\u00e4nde von Spartan Treasure in Skoura in Lakonien (Sparta) \/ Kalamon &#8211; Oliven\" alt=\"Unternehmensgel\u00e4nde von Spartan Treasure in Skoura Lakonien (Sparta), der Internet site, bezogen auf Kalamon \u2013 Oliven\" \t\tclass=\"so-widget-image\"\/>\n<\/div>\n\n<\/div><\/div><\/div><\/div><div id=\"pgc-8-2-1\"  class=\"panel-grid-cell\" ><div id=\"panel-8-2-1-0\" class=\"so-panel widget widget_sow-editor panel-first-child panel-last-child\" data-index=\"3\" ><div class=\"panel-widget-style panel-widget-style-for-8-2-1-0\" ><div class=\"so-widget-sow-editor so-widget-sow-editor-base\">\n<div class=\"siteorigin-widget-tinymce textwidget\">\n\t<p style=\"text-align: justify;\"><strong>Auf unserem Unternehmensgel\u00e4nde, mit der Anwendung von moderner Technik im Bereich der Verarbeitung und der entsprechenden Ausr\u00fcstung und mit unserer langj\u00e4hrigen Erfahrung im Olivensektor, halten wir den traditionellen Charakter des Produktes, st\u00e4ndig bem\u00fcht, um unseren Kunden in der besten Weise zu bedienen<\/strong><\/p>\n<\/div>\n<\/div><\/div><\/div><\/div><\/div><\/div><div id=\"pg-8-3\"  class=\"panel-grid panel-no-style\" ><div id=\"pgc-8-3-0\"  class=\"panel-grid-cell\" ><div id=\"panel-8-3-0-0\" class=\"so-panel widget widget_sow-editor panel-first-child panel-last-child\" data-index=\"4\" ><div class=\"panel-widget-style panel-widget-style-for-8-3-0-0\" ><div class=\"so-widget-sow-editor so-widget-sow-editor-base\">\n<div class=\"siteorigin-widget-tinymce textwidget\">\n\t<p style=\"text-align: justify;\"><strong>Das Unternehmen <a href=\"http:\/\/kalamatasolives.com\/de\/\">Spartan Treasure<\/a> ist ausschlie\u00dflich im Bereich des Exports von Oliven und Oliven-Produkten betrieben. Unsere Athener Niederlassung befindet sich in Peania, Attika, in Griechenland, in privaten Einrichtungen. Das Konsequenz unseres Unternehmens sowohl in Worten und in Taten hat uns ein bedingungsloses Vertrauen sowie unserer Lieferanten und Hersteller in Griechenland, als auch unserer Kunden in \u00dcbersee verdient<\/strong><\/p>\n<\/div>\n<\/div><\/div><\/div><\/div><div id=\"pgc-8-3-1\"  class=\"panel-grid-cell\" ><div id=\"panel-8-3-1-0\" class=\"so-panel widget widget_sow-image panel-first-child panel-last-child\" data-index=\"5\" ><div class=\"panel-widget-style panel-widget-style-for-8-3-1-0\" ><div class=\"so-widget-sow-image so-widget-sow-image-default-17bc2272b535\">\n\n<div class=\"sow-image-container\">\n\t<img src=\"https:\/\/kalamatasolives.com\/de\/wp-content\/uploads\/sites\/6\/2017\/03\/facilities1-300x200.jpg\" width=\"300\" height=\"200\" srcset=\"https:\/\/kalamatasolives.com\/de\/wp-content\/uploads\/sites\/6\/2017\/03\/facilities1-300x200.jpg 300w, https:\/\/kalamatasolives.com\/de\/wp-content\/uploads\/sites\/6\/2017\/03\/facilities1-600x400.jpg 600w, https:\/\/kalamatasolives.com\/de\/wp-content\/uploads\/sites\/6\/2017\/03\/facilities1-272x182.jpg 272w, https:\/\/kalamatasolives.com\/de\/wp-content\/uploads\/sites\/6\/2017\/03\/facilities1.jpg 678w\" sizes=\"(max-width: 300px) 100vw, 300px\" title=\"Unternehmensgel\u00e4nde von Spartan Treasure in Skoura in Lakonien (Sparta) \/ Kalamon &#8211; Oliven\" alt=\"Unternehmensgel\u00e4nde von Spartan Treasure in Skoura Lakonien (Sparta), der Internet site, bezogen auf Kalamon \u2013 Oliven\" \t\tclass=\"so-widget-image\"\/>\n<\/div>\n\n<\/div><\/div><\/div><\/div><\/div><div id=\"pg-8-4\"  class=\"panel-grid panel-no-style\" ><div id=\"pgc-8-4-0\"  class=\"panel-grid-cell\" ><div id=\"panel-8-4-0-0\" class=\"so-panel widget widget_sow-editor panel-first-child panel-last-child\" data-index=\"6\" ><div class=\"so-widget-sow-editor so-widget-sow-editor-base\">\n<div class=\"siteorigin-widget-tinymce textwidget\">\n\t<hr \/>\n<\/div>\n<\/div><\/div><\/div><\/div><div id=\"pg-8-5\"  class=\"panel-grid panel-no-style\" ><div id=\"pgc-8-5-0\"  class=\"panel-grid-cell\" ><div id=\"panel-8-5-0-0\" class=\"so-panel widget widget_sow-editor panel-first-child panel-last-child\" data-index=\"7\" ><div class=\"panel-widget-style panel-widget-style-for-8-5-0-0\" ><div class=\"so-widget-sow-editor so-widget-sow-editor-base\">\n<div class=\"siteorigin-widget-tinymce textwidget\">\n\t<p style=\"text-align: center;\"><strong>Unsere Produkte sind nach<\/strong><\/p>\n<h3 style=\"text-align: center;\">QMSCERT, NSF, TUV HELLAS, AGROCERT, \u0394\u0397\u03a9<\/h3>\n<p style=\"text-align: center;\"><strong>zertifiziert und bleiben weiterhin unter st\u00e4ndiger Kontrolle, um die Lieferung, die Lagerung, die Verarbeitung, die Standardisierung, die Abf\u00fcllung und die Verpackung von Oliven auf allen Stufen zu verbessern<\/strong><\/p>\n<\/div>\n<\/div><\/div><\/div><\/div><\/div><\/div>","protected":false},"excerpt":{"rendered":"<p>Unternehmen, Herstellung, Standardisierung, Kalamata &#8211; Oliven, Skoura in Lakonien, Sparta, Unternehmensgel\u00e4nde, Exporte Unternehmensprofil Seit 1930 bis heute unser Unternehmen beschaftigt sich mit der Herstellung und der Standardisierung von weltber\u00fchmten Kalamon &#8211; Oliven. Wir haben in unserem Bezitz vertikale Produktionseinheit in<\/p>\n","protected":false},"author":1,"featured_media":0,"parent":0,"menu_order":1,"comment_status":"closed","ping_status":"open","template":"","meta":{"om_disable_all_campaigns":false,"_mi_skip_tracking":false},"aioseo_notices":[],"_links":{"self":[{"href":"https:\/\/kalamatasolives.com\/de\/wp-json\/wp\/v2\/pages\/8"}],"collection":[{"href":"https:\/\/kalamatasolives.com\/de\/wp-json\/wp\/v2\/pages"}],"about":[{"href":"https:\/\/kalamatasolives.com\/de\/wp-json\/wp\/v2\/types\/page"}],"author":[{"embeddable":true,"href":"https:\/\/kalamatasolives.com\/de\/wp-json\/wp\/v2\/users\/1"}],"replies":[{"embeddable":true,"href":"https:\/\/kalamatasolives.com\/de\/wp-json\/wp\/v2\/comments?post=8"}],"version-history":[{"count":13,"href":"https:\/\/kalamatasolives.com\/de\/wp-json\/wp\/v2\/pages\/8\/revisions"}],"predecessor-version":[{"id":376,"href":"https:\/\/kalamatasolives.com\/de\/wp-json\/wp\/v2\/pages\/8\/revisions\/376"}],"wp:attachment":[{"href":"https:\/\/kalamatasolives.com\/de\/wp-json\/wp\/v2\/media?parent=8"}],"curies":[{"name":"wp","href":"https:\/\/api.w.org\/{rel}","templated":true}]}}